{"id":24610,"date":"2016-08-01T10:25:05","date_gmt":"2016-08-01T08:25:05","guid":{"rendered":"https:\/\/www.ateq-tpms.com\/home\/contact\/"},"modified":"2018-09-28T10:34:24","modified_gmt":"2018-09-28T08:34:24","slug":"contact","status":"publish","type":"page","link":"https:\/\/www.ateq-tpms.com\/br\/home\/contact\/","title":{"rendered":"FALE CONOSCO"},"content":{"rendered":"","protected":false},"excerpt":{"rendered":"","protected":false},"author":1,"featured_media":0,"parent":24602,"menu_order":178,"comment_status":"closed","ping_status":"closed","template":"page-contact.php","meta":{"om_disable_all_campaigns":false,"_mi_skip_tracking":false,"_monsterinsights_sitenote_active":false,"_monsterinsights_sitenote_note":"","_monsterinsights_sitenote_category":0},"acf":[],"aioseo_notices":[],"yoast_head":"<!-- This site is optimized with the Yoast SEO plugin v18.8 - https:\/\/yoast.com\/wordpress\/plugins\/seo\/ -->\n<title>Fale com o setor de vendas e marketing de ferramentas ATEQ TPMS<\/title>\n<meta name=\"description\" content=\"Fale com a ATEQ TPMS para saber informa\u00e7\u00f5es de vendas, informa\u00e7\u00f5es de press release e consultas de marketing.\" \/>\n<meta name=\"robots\" content=\"index, follow, max-snippet:-1, max-image-preview:large, max-video-preview:-1\" \/>\n<link rel=\"canonical\" href=\"https:\/\/www.ateq-tpms.com\/br\/home\/contact\/\" \/>\n<meta property=\"og:locale\" content=\"en_US\" \/>\n<meta property=\"og:type\" content=\"article\" \/>\n<meta property=\"og:title\" content=\"Fale com o setor de vendas e marketing de ferramentas ATEQ TPMS\" \/>\n<meta property=\"og:description\" content=\"Fale com a ATEQ TPMS para saber informa\u00e7\u00f5es de vendas, informa\u00e7\u00f5es de press release e consultas de marketing.\" \/>\n<meta property=\"og:url\" content=\"https:\/\/www.ateq-tpms.com\/br\/home\/contact\/\" \/>\n<meta property=\"og:site_name\" content=\"ATEQ-TPMS\" \/>\n<meta property=\"article:modified_time\" content=\"2018-09-28T08:34:24+00:00\" \/>\n<meta name=\"twitter:card\" content=\"summary\" \/>\n<script type=\"application\/ld+json\" class=\"yoast-schema-graph\">{\"@context\":\"https:\/\/schema.org\",\"@graph\":[{\"@type\":\"WebSite\",\"@id\":\"https:\/\/www.ateq-tpms.com\/en-us\/#website\",\"url\":\"https:\/\/www.ateq-tpms.com\/en-us\/\",\"name\":\"ATEQ-TPMS\",\"description\":\"Un site utilisant WordPress\",\"potentialAction\":[{\"@type\":\"SearchAction\",\"target\":{\"@type\":\"EntryPoint\",\"urlTemplate\":\"https:\/\/www.ateq-tpms.com\/en-us\/?s={search_term_string}\"},\"query-input\":\"required name=search_term_string\"}],\"inLanguage\":\"br\"},{\"@type\":\"WebPage\",\"@id\":\"https:\/\/www.ateq-tpms.com\/br\/home\/contact\/#webpage\",\"url\":\"https:\/\/www.ateq-tpms.com\/br\/home\/contact\/\",\"name\":\"Fale com o setor de vendas e marketing de ferramentas ATEQ TPMS\",\"isPartOf\":{\"@id\":\"https:\/\/www.ateq-tpms.com\/en-us\/#website\"},\"datePublished\":\"2016-08-01T08:25:05+00:00\",\"dateModified\":\"2018-09-28T08:34:24+00:00\",\"description\":\"Fale com a ATEQ TPMS para saber informa\u00e7\u00f5es de vendas, informa\u00e7\u00f5es de press release e consultas de marketing.\",\"breadcrumb\":{\"@id\":\"https:\/\/www.ateq-tpms.com\/br\/home\/contact\/#breadcrumb\"},\"inLanguage\":\"br\",\"potentialAction\":[{\"@type\":\"ReadAction\",\"target\":[\"https:\/\/www.ateq-tpms.com\/br\/home\/contact\/\"]}]},{\"@type\":\"BreadcrumbList\",\"@id\":\"https:\/\/www.ateq-tpms.com\/br\/home\/contact\/#breadcrumb\",\"itemListElement\":[{\"@type\":\"ListItem\",\"position\":1,\"name\":\"Home\",\"item\":\"https:\/\/www.ateq-tpms.com\/en-us\/\"},{\"@type\":\"ListItem\",\"position\":2,\"name\":\"Principal\",\"item\":\"https:\/\/www.ateq-tpms.com\/br\/home\/\"},{\"@type\":\"ListItem\",\"position\":3,\"name\":\"FALE CONOSCO\"}]}]}<\/script>\n<!-- \/ Yoast SEO plugin. -->","yoast_head_json":{"title":"Fale com o setor de vendas e marketing de ferramentas ATEQ TPMS","description":"Fale com a ATEQ TPMS para saber informa\u00e7\u00f5es de vendas, informa\u00e7\u00f5es de press release e consultas de marketing.","robots":{"index":"index","follow":"follow","max-snippet":"max-snippet:-1","max-image-preview":"max-image-preview:large","max-video-preview":"max-video-preview:-1"},"canonical":"https:\/\/www.ateq-tpms.com\/br\/home\/contact\/","og_locale":"en_US","og_type":"article","og_title":"Fale com o setor de vendas e marketing de ferramentas ATEQ TPMS","og_description":"Fale com a ATEQ TPMS para saber informa\u00e7\u00f5es de vendas, informa\u00e7\u00f5es de press release e consultas de marketing.","og_url":"https:\/\/www.ateq-tpms.com\/br\/home\/contact\/","og_site_name":"ATEQ-TPMS","article_modified_time":"2018-09-28T08:34:24+00:00","twitter_card":"summary","schema":{"@context":"https:\/\/schema.org","@graph":[{"@type":"WebSite","@id":"https:\/\/www.ateq-tpms.com\/en-us\/#website","url":"https:\/\/www.ateq-tpms.com\/en-us\/","name":"ATEQ-TPMS","description":"Un site utilisant WordPress","potentialAction":[{"@type":"SearchAction","target":{"@type":"EntryPoint","urlTemplate":"https:\/\/www.ateq-tpms.com\/en-us\/?s={search_term_string}"},"query-input":"required name=search_term_string"}],"inLanguage":"br"},{"@type":"WebPage","@id":"https:\/\/www.ateq-tpms.com\/br\/home\/contact\/#webpage","url":"https:\/\/www.ateq-tpms.com\/br\/home\/contact\/","name":"Fale com o setor de vendas e marketing de ferramentas ATEQ TPMS","isPartOf":{"@id":"https:\/\/www.ateq-tpms.com\/en-us\/#website"},"datePublished":"2016-08-01T08:25:05+00:00","dateModified":"2018-09-28T08:34:24+00:00","description":"Fale com a ATEQ TPMS para saber informa\u00e7\u00f5es de vendas, informa\u00e7\u00f5es de press release e consultas de marketing.","breadcrumb":{"@id":"https:\/\/www.ateq-tpms.com\/br\/home\/contact\/#breadcrumb"},"inLanguage":"br","potentialAction":[{"@type":"ReadAction","target":["https:\/\/www.ateq-tpms.com\/br\/home\/contact\/"]}]},{"@type":"BreadcrumbList","@id":"https:\/\/www.ateq-tpms.com\/br\/home\/contact\/#breadcrumb","itemListElement":[{"@type":"ListItem","position":1,"name":"Home","item":"https:\/\/www.ateq-tpms.com\/en-us\/"},{"@type":"ListItem","position":2,"name":"Principal","item":"https:\/\/www.ateq-tpms.com\/br\/home\/"},{"@type":"ListItem","position":3,"name":"FALE CONOSCO"}]}]}},"_links":{"self":[{"href":"https:\/\/www.ateq-tpms.com\/br\/wp-json\/wp\/v2\/pages\/24610"}],"collection":[{"href":"https:\/\/www.ateq-tpms.com\/br\/wp-json\/wp\/v2\/pages"}],"about":[{"href":"https:\/\/www.ateq-tpms.com\/br\/wp-json\/wp\/v2\/types\/page"}],"author":[{"embeddable":true,"href":"https:\/\/www.ateq-tpms.com\/br\/wp-json\/wp\/v2\/users\/1"}],"replies":[{"embeddable":true,"href":"https:\/\/www.ateq-tpms.com\/br\/wp-json\/wp\/v2\/comments?post=24610"}],"version-history":[{"count":5,"href":"https:\/\/www.ateq-tpms.com\/br\/wp-json\/wp\/v2\/pages\/24610\/revisions"}],"predecessor-version":[{"id":30712,"href":"https:\/\/www.ateq-tpms.com\/br\/wp-json\/wp\/v2\/pages\/24610\/revisions\/30712"}],"up":[{"embeddable":true,"href":"https:\/\/www.ateq-tpms.com\/br\/wp-json\/wp\/v2\/pages\/24602"}],"wp:attachment":[{"href":"https:\/\/www.ateq-tpms.com\/br\/wp-json\/wp\/v2\/media?parent=24610"}],"curies":[{"name":"wp","href":"https:\/\/api.w.org\/{rel}","templated":true}]}}