{"id":6370,"date":"2016-07-26T12:14:30","date_gmt":"2016-07-26T10:14:30","guid":{"rendered":"http:\/\/dev.ateq-tpms.com\/de\/home\/where-to-buy\/"},"modified":"2020-10-30T09:56:37","modified_gmt":"2020-10-30T08:56:37","slug":"wo-erhaltlich","status":"publish","type":"page","link":"https:\/\/www.ateq-tpms.com\/de\/home\/wo-erhaltlich\/","title":{"rendered":"WO ERH\u00c4LTLICH"},"content":{"rendered":"","protected":false},"excerpt":{"rendered":"","protected":false},"author":1,"featured_media":0,"parent":5476,"menu_order":215,"comment_status":"closed","ping_status":"closed","template":"page-where-to-buy.php","meta":{"om_disable_all_campaigns":false,"_mi_skip_tracking":false,"_monsterinsights_sitenote_active":false,"_monsterinsights_sitenote_note":"","_monsterinsights_sitenote_category":0},"acf":[],"aioseo_notices":[],"yoast_head":"<!-- This site is optimized with the Yoast SEO plugin v18.8 - https:\/\/yoast.com\/wordpress\/plugins\/seo\/ -->\n<title>Verkaufsstellen f\u00fcr ATEQ RDKS-Ger\u00e4te \u2013 Europa, Nahost, Afrika<\/title>\n<meta name=\"description\" content=\"Finden Sie einen Ger\u00e4teh\u00e4ndler, Einzelh\u00e4ndler oder Online-H\u00e4ndler in Ihrer N\u00e4he, der ATEQ RDKS-Ger\u00e4te und Software-Updatelizenzen f\u00fcr Ihr Produkt f\u00fchrt.\" \/>\n<meta name=\"robots\" content=\"index, follow, max-snippet:-1, max-image-preview:large, max-video-preview:-1\" \/>\n<link rel=\"canonical\" href=\"https:\/\/www.ateq-tpms.com\/de\/home\/wo-erhaltlich\/\" \/>\n<meta property=\"og:locale\" content=\"de_DE\" \/>\n<meta property=\"og:type\" content=\"article\" \/>\n<meta property=\"og:title\" content=\"Verkaufsstellen f\u00fcr ATEQ RDKS-Ger\u00e4te \u2013 Europa, Nahost, Afrika\" \/>\n<meta property=\"og:description\" content=\"Finden Sie einen Ger\u00e4teh\u00e4ndler, Einzelh\u00e4ndler oder Online-H\u00e4ndler in Ihrer N\u00e4he, der ATEQ RDKS-Ger\u00e4te und Software-Updatelizenzen f\u00fcr Ihr Produkt f\u00fchrt.\" \/>\n<meta property=\"og:url\" content=\"https:\/\/www.ateq-tpms.com\/de\/home\/wo-erhaltlich\/\" \/>\n<meta property=\"og:site_name\" content=\"ATEQ-TPMS\" \/>\n<meta property=\"article:modified_time\" content=\"2020-10-30T08:56:37+00:00\" \/>\n<meta name=\"twitter:card\" content=\"summary\" \/>\n<script type=\"application\/ld+json\" class=\"yoast-schema-graph\">{\"@context\":\"https:\/\/schema.org\",\"@graph\":[{\"@type\":\"WebSite\",\"@id\":\"https:\/\/www.ateq-tpms.com\/en-us\/#website\",\"url\":\"https:\/\/www.ateq-tpms.com\/en-us\/\",\"name\":\"ATEQ-TPMS\",\"description\":\"ATEQ TPMS - TPMS tools, TPMS industrial tools, custom OEM TPMS\",\"potentialAction\":[{\"@type\":\"SearchAction\",\"target\":{\"@type\":\"EntryPoint\",\"urlTemplate\":\"https:\/\/www.ateq-tpms.com\/en-us\/?s={search_term_string}\"},\"query-input\":\"required name=search_term_string\"}],\"inLanguage\":\"de\"},{\"@type\":\"WebPage\",\"@id\":\"https:\/\/www.ateq-tpms.com\/de\/home\/wo-erhaltlich\/#webpage\",\"url\":\"https:\/\/www.ateq-tpms.com\/de\/home\/wo-erhaltlich\/\",\"name\":\"Verkaufsstellen f\u00fcr ATEQ RDKS-Ger\u00e4te \u2013 Europa, Nahost, Afrika\",\"isPartOf\":{\"@id\":\"https:\/\/www.ateq-tpms.com\/en-us\/#website\"},\"datePublished\":\"2016-07-26T10:14:30+00:00\",\"dateModified\":\"2020-10-30T08:56:37+00:00\",\"description\":\"Finden Sie einen Ger\u00e4teh\u00e4ndler, Einzelh\u00e4ndler oder Online-H\u00e4ndler in Ihrer N\u00e4he, der ATEQ RDKS-Ger\u00e4te und Software-Updatelizenzen f\u00fcr Ihr Produkt f\u00fchrt.\",\"breadcrumb\":{\"@id\":\"https:\/\/www.ateq-tpms.com\/de\/home\/wo-erhaltlich\/#breadcrumb\"},\"inLanguage\":\"de\",\"potentialAction\":[{\"@type\":\"ReadAction\",\"target\":[\"https:\/\/www.ateq-tpms.com\/de\/home\/wo-erhaltlich\/\"]}]},{\"@type\":\"BreadcrumbList\",\"@id\":\"https:\/\/www.ateq-tpms.com\/de\/home\/wo-erhaltlich\/#breadcrumb\",\"itemListElement\":[{\"@type\":\"ListItem\",\"position\":1,\"name\":\"Home\",\"item\":\"https:\/\/www.ateq-tpms.com\/en-us\/\"},{\"@type\":\"ListItem\",\"position\":2,\"name\":\"Home\",\"item\":\"https:\/\/www.ateq-tpms.com\/de\/home\/\"},{\"@type\":\"ListItem\",\"position\":3,\"name\":\"WO ERH\u00c4LTLICH\"}]}]}<\/script>\n<!-- \/ Yoast SEO plugin. -->","yoast_head_json":{"title":"Verkaufsstellen f\u00fcr ATEQ RDKS-Ger\u00e4te \u2013 Europa, Nahost, Afrika","description":"Finden Sie einen Ger\u00e4teh\u00e4ndler, Einzelh\u00e4ndler oder Online-H\u00e4ndler in Ihrer N\u00e4he, der ATEQ RDKS-Ger\u00e4te und Software-Updatelizenzen f\u00fcr Ihr Produkt f\u00fchrt.","robots":{"index":"index","follow":"follow","max-snippet":"max-snippet:-1","max-image-preview":"max-image-preview:large","max-video-preview":"max-video-preview:-1"},"canonical":"https:\/\/www.ateq-tpms.com\/de\/home\/wo-erhaltlich\/","og_locale":"de_DE","og_type":"article","og_title":"Verkaufsstellen f\u00fcr ATEQ RDKS-Ger\u00e4te \u2013 Europa, Nahost, Afrika","og_description":"Finden Sie einen Ger\u00e4teh\u00e4ndler, Einzelh\u00e4ndler oder Online-H\u00e4ndler in Ihrer N\u00e4he, der ATEQ RDKS-Ger\u00e4te und Software-Updatelizenzen f\u00fcr Ihr Produkt f\u00fchrt.","og_url":"https:\/\/www.ateq-tpms.com\/de\/home\/wo-erhaltlich\/","og_site_name":"ATEQ-TPMS","article_modified_time":"2020-10-30T08:56:37+00:00","twitter_card":"summary","schema":{"@context":"https:\/\/schema.org","@graph":[{"@type":"WebSite","@id":"https:\/\/www.ateq-tpms.com\/en-us\/#website","url":"https:\/\/www.ateq-tpms.com\/en-us\/","name":"ATEQ-TPMS","description":"ATEQ TPMS - TPMS tools, TPMS industrial tools, custom OEM TPMS","potentialAction":[{"@type":"SearchAction","target":{"@type":"EntryPoint","urlTemplate":"https:\/\/www.ateq-tpms.com\/en-us\/?s={search_term_string}"},"query-input":"required name=search_term_string"}],"inLanguage":"de"},{"@type":"WebPage","@id":"https:\/\/www.ateq-tpms.com\/de\/home\/wo-erhaltlich\/#webpage","url":"https:\/\/www.ateq-tpms.com\/de\/home\/wo-erhaltlich\/","name":"Verkaufsstellen f\u00fcr ATEQ RDKS-Ger\u00e4te \u2013 Europa, Nahost, Afrika","isPartOf":{"@id":"https:\/\/www.ateq-tpms.com\/en-us\/#website"},"datePublished":"2016-07-26T10:14:30+00:00","dateModified":"2020-10-30T08:56:37+00:00","description":"Finden Sie einen Ger\u00e4teh\u00e4ndler, Einzelh\u00e4ndler oder Online-H\u00e4ndler in Ihrer N\u00e4he, der ATEQ RDKS-Ger\u00e4te und Software-Updatelizenzen f\u00fcr Ihr Produkt f\u00fchrt.","breadcrumb":{"@id":"https:\/\/www.ateq-tpms.com\/de\/home\/wo-erhaltlich\/#breadcrumb"},"inLanguage":"de","potentialAction":[{"@type":"ReadAction","target":["https:\/\/www.ateq-tpms.com\/de\/home\/wo-erhaltlich\/"]}]},{"@type":"BreadcrumbList","@id":"https:\/\/www.ateq-tpms.com\/de\/home\/wo-erhaltlich\/#breadcrumb","itemListElement":[{"@type":"ListItem","position":1,"name":"Home","item":"https:\/\/www.ateq-tpms.com\/en-us\/"},{"@type":"ListItem","position":2,"name":"Home","item":"https:\/\/www.ateq-tpms.com\/de\/home\/"},{"@type":"ListItem","position":3,"name":"WO ERH\u00c4LTLICH"}]}]}},"_links":{"self":[{"href":"https:\/\/www.ateq-tpms.com\/de\/wp-json\/wp\/v2\/pages\/6370"}],"collection":[{"href":"https:\/\/www.ateq-tpms.com\/de\/wp-json\/wp\/v2\/pages"}],"about":[{"href":"https:\/\/www.ateq-tpms.com\/de\/wp-json\/wp\/v2\/types\/page"}],"author":[{"embeddable":true,"href":"https:\/\/www.ateq-tpms.com\/de\/wp-json\/wp\/v2\/users\/1"}],"replies":[{"embeddable":true,"href":"https:\/\/www.ateq-tpms.com\/de\/wp-json\/wp\/v2\/comments?post=6370"}],"version-history":[{"count":7,"href":"https:\/\/www.ateq-tpms.com\/de\/wp-json\/wp\/v2\/pages\/6370\/revisions"}],"predecessor-version":[{"id":61745,"href":"https:\/\/www.ateq-tpms.com\/de\/wp-json\/wp\/v2\/pages\/6370\/revisions\/61745"}],"up":[{"embeddable":true,"href":"https:\/\/www.ateq-tpms.com\/de\/wp-json\/wp\/v2\/pages\/5476"}],"wp:attachment":[{"href":"https:\/\/www.ateq-tpms.com\/de\/wp-json\/wp\/v2\/media?parent=6370"}],"curies":[{"name":"wp","href":"https:\/\/api.w.org\/{rel}","templated":true}]}}