{"id":6309,"date":"2016-08-24T14:05:20","date_gmt":"2016-08-24T12:05:20","guid":{"rendered":"http:\/\/dev.ateq-tpms.com\/es\/home\/news\/"},"modified":"2021-02-15T20:29:04","modified_gmt":"2021-02-15T19:29:04","slug":"novedades","status":"publish","type":"page","link":"https:\/\/www.ateq-tpms.com\/es\/inicio\/novedades\/","title":{"rendered":"Novedades"},"content":{"rendered":"","protected":false},"excerpt":{"rendered":"","protected":false},"author":1,"featured_media":0,"parent":5492,"menu_order":117,"comment_status":"closed","ping_status":"closed","template":"page-news.php","meta":{"om_disable_all_campaigns":false,"_mi_skip_tracking":false,"_monsterinsights_sitenote_active":false,"_monsterinsights_sitenote_note":"","_monsterinsights_sitenote_category":0},"acf":[],"aioseo_notices":[],"yoast_head":"<!-- This site is optimized with the Yoast SEO plugin v18.8 - https:\/\/yoast.com\/wordpress\/plugins\/seo\/ -->\n<title>ATEQ TPMS: novedades, ferias y eventos<\/title>\n<meta name=\"description\" content=\"Novedades, actualizaciones t\u00e9cnicas, ferias y pr\u00f3ximos eventos de ATEQ TPMS (sistema detector de presion) en Europa, \u00c1frica y Oriente Pr\u00f3ximo.\" \/>\n<meta name=\"robots\" content=\"index, follow, max-snippet:-1, max-image-preview:large, max-video-preview:-1\" \/>\n<link rel=\"canonical\" href=\"https:\/\/www.ateq-tpms.com\/es\/inicio\/novedades\/\" \/>\n<meta property=\"og:locale\" content=\"es_ES\" \/>\n<meta property=\"og:type\" content=\"article\" \/>\n<meta property=\"og:title\" content=\"ATEQ TPMS: novedades, ferias y eventos\" \/>\n<meta property=\"og:description\" content=\"Novedades, actualizaciones t\u00e9cnicas, ferias y pr\u00f3ximos eventos de ATEQ TPMS (sistema detector de presion) en Europa, \u00c1frica y Oriente Pr\u00f3ximo.\" \/>\n<meta property=\"og:url\" content=\"https:\/\/www.ateq-tpms.com\/es\/inicio\/novedades\/\" \/>\n<meta property=\"og:site_name\" content=\"ATEQ-TPMS\" \/>\n<meta property=\"article:modified_time\" content=\"2021-02-15T19:29:04+00:00\" \/>\n<meta name=\"twitter:card\" content=\"summary\" \/>\n<script type=\"application\/ld+json\" class=\"yoast-schema-graph\">{\"@context\":\"https:\/\/schema.org\",\"@graph\":[{\"@type\":\"WebSite\",\"@id\":\"https:\/\/www.ateq-tpms.com\/en-us\/#website\",\"url\":\"https:\/\/www.ateq-tpms.com\/en-us\/\",\"name\":\"ATEQ-TPMS\",\"description\":\"ATEQ TPMS es un fabricante de herramientas para sistemas de control de la presion neumaticos coche: TPMS, TPMS industriales y TPMS OEM a medida.\",\"potentialAction\":[{\"@type\":\"SearchAction\",\"target\":{\"@type\":\"EntryPoint\",\"urlTemplate\":\"https:\/\/www.ateq-tpms.com\/en-us\/?s={search_term_string}\"},\"query-input\":\"required name=search_term_string\"}],\"inLanguage\":\"es\"},{\"@type\":\"WebPage\",\"@id\":\"https:\/\/www.ateq-tpms.com\/es\/inicio\/novedades\/#webpage\",\"url\":\"https:\/\/www.ateq-tpms.com\/es\/inicio\/novedades\/\",\"name\":\"ATEQ TPMS: novedades, ferias y eventos\",\"isPartOf\":{\"@id\":\"https:\/\/www.ateq-tpms.com\/en-us\/#website\"},\"datePublished\":\"2016-08-24T12:05:20+00:00\",\"dateModified\":\"2021-02-15T19:29:04+00:00\",\"description\":\"Novedades, actualizaciones t\u00e9cnicas, ferias y pr\u00f3ximos eventos de ATEQ TPMS (sistema detector de presion) en Europa, \u00c1frica y Oriente Pr\u00f3ximo.\",\"breadcrumb\":{\"@id\":\"https:\/\/www.ateq-tpms.com\/es\/inicio\/novedades\/#breadcrumb\"},\"inLanguage\":\"es\",\"potentialAction\":[{\"@type\":\"ReadAction\",\"target\":[\"https:\/\/www.ateq-tpms.com\/es\/inicio\/novedades\/\"]}]},{\"@type\":\"BreadcrumbList\",\"@id\":\"https:\/\/www.ateq-tpms.com\/es\/inicio\/novedades\/#breadcrumb\",\"itemListElement\":[{\"@type\":\"ListItem\",\"position\":1,\"name\":\"Home\",\"item\":\"https:\/\/www.ateq-tpms.com\/en-us\/\"},{\"@type\":\"ListItem\",\"position\":2,\"name\":\"Inicio\",\"item\":\"https:\/\/www.ateq-tpms.com\/es\/inicio\/\"},{\"@type\":\"ListItem\",\"position\":3,\"name\":\"Novedades\"}]}]}<\/script>\n<!-- \/ Yoast SEO plugin. -->","yoast_head_json":{"title":"ATEQ TPMS: novedades, ferias y eventos","description":"Novedades, actualizaciones t\u00e9cnicas, ferias y pr\u00f3ximos eventos de ATEQ TPMS (sistema detector de presion) en Europa, \u00c1frica y Oriente Pr\u00f3ximo.","robots":{"index":"index","follow":"follow","max-snippet":"max-snippet:-1","max-image-preview":"max-image-preview:large","max-video-preview":"max-video-preview:-1"},"canonical":"https:\/\/www.ateq-tpms.com\/es\/inicio\/novedades\/","og_locale":"es_ES","og_type":"article","og_title":"ATEQ TPMS: novedades, ferias y eventos","og_description":"Novedades, actualizaciones t\u00e9cnicas, ferias y pr\u00f3ximos eventos de ATEQ TPMS (sistema detector de presion) en Europa, \u00c1frica y Oriente Pr\u00f3ximo.","og_url":"https:\/\/www.ateq-tpms.com\/es\/inicio\/novedades\/","og_site_name":"ATEQ-TPMS","article_modified_time":"2021-02-15T19:29:04+00:00","twitter_card":"summary","schema":{"@context":"https:\/\/schema.org","@graph":[{"@type":"WebSite","@id":"https:\/\/www.ateq-tpms.com\/en-us\/#website","url":"https:\/\/www.ateq-tpms.com\/en-us\/","name":"ATEQ-TPMS","description":"ATEQ TPMS es un fabricante de herramientas para sistemas de control de la presion neumaticos coche: TPMS, TPMS industriales y TPMS OEM a medida.","potentialAction":[{"@type":"SearchAction","target":{"@type":"EntryPoint","urlTemplate":"https:\/\/www.ateq-tpms.com\/en-us\/?s={search_term_string}"},"query-input":"required name=search_term_string"}],"inLanguage":"es"},{"@type":"WebPage","@id":"https:\/\/www.ateq-tpms.com\/es\/inicio\/novedades\/#webpage","url":"https:\/\/www.ateq-tpms.com\/es\/inicio\/novedades\/","name":"ATEQ TPMS: novedades, ferias y eventos","isPartOf":{"@id":"https:\/\/www.ateq-tpms.com\/en-us\/#website"},"datePublished":"2016-08-24T12:05:20+00:00","dateModified":"2021-02-15T19:29:04+00:00","description":"Novedades, actualizaciones t\u00e9cnicas, ferias y pr\u00f3ximos eventos de ATEQ TPMS (sistema detector de presion) en Europa, \u00c1frica y Oriente Pr\u00f3ximo.","breadcrumb":{"@id":"https:\/\/www.ateq-tpms.com\/es\/inicio\/novedades\/#breadcrumb"},"inLanguage":"es","potentialAction":[{"@type":"ReadAction","target":["https:\/\/www.ateq-tpms.com\/es\/inicio\/novedades\/"]}]},{"@type":"BreadcrumbList","@id":"https:\/\/www.ateq-tpms.com\/es\/inicio\/novedades\/#breadcrumb","itemListElement":[{"@type":"ListItem","position":1,"name":"Home","item":"https:\/\/www.ateq-tpms.com\/en-us\/"},{"@type":"ListItem","position":2,"name":"Inicio","item":"https:\/\/www.ateq-tpms.com\/es\/inicio\/"},{"@type":"ListItem","position":3,"name":"Novedades"}]}]}},"_links":{"self":[{"href":"https:\/\/www.ateq-tpms.com\/es\/wp-json\/wp\/v2\/pages\/6309"}],"collection":[{"href":"https:\/\/www.ateq-tpms.com\/es\/wp-json\/wp\/v2\/pages"}],"about":[{"href":"https:\/\/www.ateq-tpms.com\/es\/wp-json\/wp\/v2\/types\/page"}],"author":[{"embeddable":true,"href":"https:\/\/www.ateq-tpms.com\/es\/wp-json\/wp\/v2\/users\/1"}],"replies":[{"embeddable":true,"href":"https:\/\/www.ateq-tpms.com\/es\/wp-json\/wp\/v2\/comments?post=6309"}],"version-history":[{"count":49,"href":"https:\/\/www.ateq-tpms.com\/es\/wp-json\/wp\/v2\/pages\/6309\/revisions"}],"predecessor-version":[{"id":67884,"href":"https:\/\/www.ateq-tpms.com\/es\/wp-json\/wp\/v2\/pages\/6309\/revisions\/67884"}],"up":[{"embeddable":true,"href":"https:\/\/www.ateq-tpms.com\/es\/wp-json\/wp\/v2\/pages\/5492"}],"wp:attachment":[{"href":"https:\/\/www.ateq-tpms.com\/es\/wp-json\/wp\/v2\/media?parent=6309"}],"curies":[{"name":"wp","href":"https:\/\/api.w.org\/{rel}","templated":true}]}}