{"id":6320,"date":"2016-08-19T10:21:35","date_gmt":"2016-08-19T08:21:35","guid":{"rendered":"http:\/\/dev.ateq-tpms.com\/es\/home\/faq\/"},"modified":"2020-11-05T18:03:12","modified_gmt":"2020-11-05T17:03:12","slug":"pf","status":"publish","type":"page","link":"https:\/\/www.ateq-tpms.com\/es\/inicio\/pf\/","title":{"rendered":"P+F TPMS"},"content":{"rendered":"","protected":false},"excerpt":{"rendered":"","protected":false},"author":1,"featured_media":0,"parent":5492,"menu_order":140,"comment_status":"closed","ping_status":"closed","template":"page-faq.php","meta":{"om_disable_all_campaigns":false,"_mi_skip_tracking":false,"_monsterinsights_sitenote_active":false,"_monsterinsights_sitenote_note":"","_monsterinsights_sitenote_category":0},"acf":[],"aioseo_notices":[],"yoast_head":"<!-- This site is optimized with the Yoast SEO plugin v18.8 - https:\/\/yoast.com\/wordpress\/plugins\/seo\/ -->\n<title>Preguntas m\u00e1s frecuentes (P+F) sobre las soluciones TPMS de ATEQ<\/title>\n<meta name=\"description\" content=\"Preguntas m\u00e1s frecuentes (P+F) sobre los equipos de ATEQ TPMS, los sistemas de control de la presi\u00f3n de los neum\u00e1ticos o las herramientas de disparo TPMS.\" \/>\n<meta name=\"robots\" content=\"index, follow, max-snippet:-1, max-image-preview:large, max-video-preview:-1\" \/>\n<link rel=\"canonical\" href=\"https:\/\/www.ateq-tpms.com\/es\/inicio\/pf\/\" \/>\n<meta property=\"og:locale\" content=\"es_ES\" \/>\n<meta property=\"og:type\" content=\"article\" \/>\n<meta property=\"og:title\" content=\"Preguntas m\u00e1s frecuentes (P+F) sobre las soluciones TPMS de ATEQ\" \/>\n<meta property=\"og:description\" content=\"Preguntas m\u00e1s frecuentes (P+F) sobre los equipos de ATEQ TPMS, los sistemas de control de la presi\u00f3n de los neum\u00e1ticos o las herramientas de disparo TPMS.\" \/>\n<meta property=\"og:url\" content=\"https:\/\/www.ateq-tpms.com\/es\/inicio\/pf\/\" \/>\n<meta property=\"og:site_name\" content=\"ATEQ-TPMS\" \/>\n<meta property=\"article:modified_time\" content=\"2020-11-05T17:03:12+00:00\" \/>\n<meta name=\"twitter:card\" content=\"summary\" \/>\n<script type=\"application\/ld+json\" class=\"yoast-schema-graph\">{\"@context\":\"https:\/\/schema.org\",\"@graph\":[{\"@type\":\"WebSite\",\"@id\":\"https:\/\/www.ateq-tpms.com\/en-us\/#website\",\"url\":\"https:\/\/www.ateq-tpms.com\/en-us\/\",\"name\":\"ATEQ-TPMS\",\"description\":\"ATEQ TPMS es un fabricante de herramientas para sistemas de control de la presion neumaticos coche: TPMS, TPMS industriales y TPMS OEM a medida.\",\"potentialAction\":[{\"@type\":\"SearchAction\",\"target\":{\"@type\":\"EntryPoint\",\"urlTemplate\":\"https:\/\/www.ateq-tpms.com\/en-us\/?s={search_term_string}\"},\"query-input\":\"required name=search_term_string\"}],\"inLanguage\":\"es\"},{\"@type\":\"WebPage\",\"@id\":\"https:\/\/www.ateq-tpms.com\/es\/inicio\/pf\/#webpage\",\"url\":\"https:\/\/www.ateq-tpms.com\/es\/inicio\/pf\/\",\"name\":\"Preguntas m\u00e1s frecuentes (P+F) sobre las soluciones TPMS de ATEQ\",\"isPartOf\":{\"@id\":\"https:\/\/www.ateq-tpms.com\/en-us\/#website\"},\"datePublished\":\"2016-08-19T08:21:35+00:00\",\"dateModified\":\"2020-11-05T17:03:12+00:00\",\"description\":\"Preguntas m\u00e1s frecuentes (P+F) sobre los equipos de ATEQ TPMS, los sistemas de control de la presi\u00f3n de los neum\u00e1ticos o las herramientas de disparo TPMS.\",\"breadcrumb\":{\"@id\":\"https:\/\/www.ateq-tpms.com\/es\/inicio\/pf\/#breadcrumb\"},\"inLanguage\":\"es\",\"potentialAction\":[{\"@type\":\"ReadAction\",\"target\":[\"https:\/\/www.ateq-tpms.com\/es\/inicio\/pf\/\"]}]},{\"@type\":\"BreadcrumbList\",\"@id\":\"https:\/\/www.ateq-tpms.com\/es\/inicio\/pf\/#breadcrumb\",\"itemListElement\":[{\"@type\":\"ListItem\",\"position\":1,\"name\":\"Home\",\"item\":\"https:\/\/www.ateq-tpms.com\/en-us\/\"},{\"@type\":\"ListItem\",\"position\":2,\"name\":\"Inicio\",\"item\":\"https:\/\/www.ateq-tpms.com\/es\/inicio\/\"},{\"@type\":\"ListItem\",\"position\":3,\"name\":\"P+F TPMS\"}]}]}<\/script>\n<!-- \/ Yoast SEO plugin. -->","yoast_head_json":{"title":"Preguntas m\u00e1s frecuentes (P+F) sobre las soluciones TPMS de ATEQ","description":"Preguntas m\u00e1s frecuentes (P+F) sobre los equipos de ATEQ TPMS, los sistemas de control de la presi\u00f3n de los neum\u00e1ticos o las herramientas de disparo TPMS.","robots":{"index":"index","follow":"follow","max-snippet":"max-snippet:-1","max-image-preview":"max-image-preview:large","max-video-preview":"max-video-preview:-1"},"canonical":"https:\/\/www.ateq-tpms.com\/es\/inicio\/pf\/","og_locale":"es_ES","og_type":"article","og_title":"Preguntas m\u00e1s frecuentes (P+F) sobre las soluciones TPMS de ATEQ","og_description":"Preguntas m\u00e1s frecuentes (P+F) sobre los equipos de ATEQ TPMS, los sistemas de control de la presi\u00f3n de los neum\u00e1ticos o las herramientas de disparo TPMS.","og_url":"https:\/\/www.ateq-tpms.com\/es\/inicio\/pf\/","og_site_name":"ATEQ-TPMS","article_modified_time":"2020-11-05T17:03:12+00:00","twitter_card":"summary","schema":{"@context":"https:\/\/schema.org","@graph":[{"@type":"WebSite","@id":"https:\/\/www.ateq-tpms.com\/en-us\/#website","url":"https:\/\/www.ateq-tpms.com\/en-us\/","name":"ATEQ-TPMS","description":"ATEQ TPMS es un fabricante de herramientas para sistemas de control de la presion neumaticos coche: TPMS, TPMS industriales y TPMS OEM a medida.","potentialAction":[{"@type":"SearchAction","target":{"@type":"EntryPoint","urlTemplate":"https:\/\/www.ateq-tpms.com\/en-us\/?s={search_term_string}"},"query-input":"required name=search_term_string"}],"inLanguage":"es"},{"@type":"WebPage","@id":"https:\/\/www.ateq-tpms.com\/es\/inicio\/pf\/#webpage","url":"https:\/\/www.ateq-tpms.com\/es\/inicio\/pf\/","name":"Preguntas m\u00e1s frecuentes (P+F) sobre las soluciones TPMS de ATEQ","isPartOf":{"@id":"https:\/\/www.ateq-tpms.com\/en-us\/#website"},"datePublished":"2016-08-19T08:21:35+00:00","dateModified":"2020-11-05T17:03:12+00:00","description":"Preguntas m\u00e1s frecuentes (P+F) sobre los equipos de ATEQ TPMS, los sistemas de control de la presi\u00f3n de los neum\u00e1ticos o las herramientas de disparo TPMS.","breadcrumb":{"@id":"https:\/\/www.ateq-tpms.com\/es\/inicio\/pf\/#breadcrumb"},"inLanguage":"es","potentialAction":[{"@type":"ReadAction","target":["https:\/\/www.ateq-tpms.com\/es\/inicio\/pf\/"]}]},{"@type":"BreadcrumbList","@id":"https:\/\/www.ateq-tpms.com\/es\/inicio\/pf\/#breadcrumb","itemListElement":[{"@type":"ListItem","position":1,"name":"Home","item":"https:\/\/www.ateq-tpms.com\/en-us\/"},{"@type":"ListItem","position":2,"name":"Inicio","item":"https:\/\/www.ateq-tpms.com\/es\/inicio\/"},{"@type":"ListItem","position":3,"name":"P+F TPMS"}]}]}},"_links":{"self":[{"href":"https:\/\/www.ateq-tpms.com\/es\/wp-json\/wp\/v2\/pages\/6320"}],"collection":[{"href":"https:\/\/www.ateq-tpms.com\/es\/wp-json\/wp\/v2\/pages"}],"about":[{"href":"https:\/\/www.ateq-tpms.com\/es\/wp-json\/wp\/v2\/types\/page"}],"author":[{"embeddable":true,"href":"https:\/\/www.ateq-tpms.com\/es\/wp-json\/wp\/v2\/users\/1"}],"replies":[{"embeddable":true,"href":"https:\/\/www.ateq-tpms.com\/es\/wp-json\/wp\/v2\/comments?post=6320"}],"version-history":[{"count":14,"href":"https:\/\/www.ateq-tpms.com\/es\/wp-json\/wp\/v2\/pages\/6320\/revisions"}],"predecessor-version":[{"id":63129,"href":"https:\/\/www.ateq-tpms.com\/es\/wp-json\/wp\/v2\/pages\/6320\/revisions\/63129"}],"up":[{"embeddable":true,"href":"https:\/\/www.ateq-tpms.com\/es\/wp-json\/wp\/v2\/pages\/5492"}],"wp:attachment":[{"href":"https:\/\/www.ateq-tpms.com\/es\/wp-json\/wp\/v2\/media?parent=6320"}],"curies":[{"name":"wp","href":"https:\/\/api.w.org\/{rel}","templated":true}]}}