{"id":6374,"date":"2016-07-26T12:14:30","date_gmt":"2016-07-26T10:14:30","guid":{"rendered":"http:\/\/dev.ateq-tpms.com\/es\/home\/where-to-buy\/"},"modified":"2020-10-30T09:56:22","modified_gmt":"2020-10-30T08:56:22","slug":"puntos-de-venta","status":"publish","type":"page","link":"https:\/\/www.ateq-tpms.com\/es\/inicio\/puntos-de-venta\/","title":{"rendered":"Puntos de venta"},"content":{"rendered":"","protected":false},"excerpt":{"rendered":"","protected":false},"author":1,"featured_media":0,"parent":5492,"menu_order":215,"comment_status":"closed","ping_status":"closed","template":"page-where-to-buy.php","meta":{"om_disable_all_campaigns":false,"_mi_skip_tracking":false,"_monsterinsights_sitenote_active":false,"_monsterinsights_sitenote_note":"","_monsterinsights_sitenote_category":0},"acf":[],"aioseo_notices":[],"yoast_head":"<!-- This site is optimized with the Yoast SEO plugin v18.8 - https:\/\/yoast.com\/wordpress\/plugins\/seo\/ -->\n<title>D\u00f3nde comprar herramientas de ATEQ TPMS (Am\u00e9rica)<\/title>\n<meta name=\"description\" content=\"Encuentre en su zona un distribuidor, una tienda f\u00edsica o una tienda en l\u00ednea que comercialice las herramientas de ATEQ TPMS y sus licencias de software.\" \/>\n<meta name=\"robots\" content=\"index, follow, max-snippet:-1, max-image-preview:large, max-video-preview:-1\" \/>\n<link rel=\"canonical\" href=\"https:\/\/www.ateq-tpms.com\/es\/inicio\/puntos-de-venta\/\" \/>\n<meta property=\"og:locale\" content=\"es_ES\" \/>\n<meta property=\"og:type\" content=\"article\" \/>\n<meta property=\"og:title\" content=\"D\u00f3nde comprar herramientas de ATEQ TPMS (Am\u00e9rica)\" \/>\n<meta property=\"og:description\" content=\"Encuentre en su zona un distribuidor, una tienda f\u00edsica o una tienda en l\u00ednea que comercialice las herramientas de ATEQ TPMS y sus licencias de software.\" \/>\n<meta property=\"og:url\" content=\"https:\/\/www.ateq-tpms.com\/es\/inicio\/puntos-de-venta\/\" \/>\n<meta property=\"og:site_name\" content=\"ATEQ-TPMS\" \/>\n<meta property=\"article:modified_time\" content=\"2020-10-30T08:56:22+00:00\" \/>\n<meta name=\"twitter:card\" content=\"summary\" \/>\n<script type=\"application\/ld+json\" class=\"yoast-schema-graph\">{\"@context\":\"https:\/\/schema.org\",\"@graph\":[{\"@type\":\"WebSite\",\"@id\":\"https:\/\/www.ateq-tpms.com\/en-us\/#website\",\"url\":\"https:\/\/www.ateq-tpms.com\/en-us\/\",\"name\":\"ATEQ-TPMS\",\"description\":\"ATEQ TPMS es un fabricante de herramientas para sistemas de control de la presion neumaticos coche: TPMS, TPMS industriales y TPMS OEM a medida.\",\"potentialAction\":[{\"@type\":\"SearchAction\",\"target\":{\"@type\":\"EntryPoint\",\"urlTemplate\":\"https:\/\/www.ateq-tpms.com\/en-us\/?s={search_term_string}\"},\"query-input\":\"required name=search_term_string\"}],\"inLanguage\":\"es\"},{\"@type\":\"WebPage\",\"@id\":\"https:\/\/www.ateq-tpms.com\/es\/inicio\/puntos-de-venta\/#webpage\",\"url\":\"https:\/\/www.ateq-tpms.com\/es\/inicio\/puntos-de-venta\/\",\"name\":\"D\u00f3nde comprar herramientas de ATEQ TPMS (Am\u00e9rica)\",\"isPartOf\":{\"@id\":\"https:\/\/www.ateq-tpms.com\/en-us\/#website\"},\"datePublished\":\"2016-07-26T10:14:30+00:00\",\"dateModified\":\"2020-10-30T08:56:22+00:00\",\"description\":\"Encuentre en su zona un distribuidor, una tienda f\u00edsica o una tienda en l\u00ednea que comercialice las herramientas de ATEQ TPMS y sus licencias de software.\",\"breadcrumb\":{\"@id\":\"https:\/\/www.ateq-tpms.com\/es\/inicio\/puntos-de-venta\/#breadcrumb\"},\"inLanguage\":\"es\",\"potentialAction\":[{\"@type\":\"ReadAction\",\"target\":[\"https:\/\/www.ateq-tpms.com\/es\/inicio\/puntos-de-venta\/\"]}]},{\"@type\":\"BreadcrumbList\",\"@id\":\"https:\/\/www.ateq-tpms.com\/es\/inicio\/puntos-de-venta\/#breadcrumb\",\"itemListElement\":[{\"@type\":\"ListItem\",\"position\":1,\"name\":\"Home\",\"item\":\"https:\/\/www.ateq-tpms.com\/en-us\/\"},{\"@type\":\"ListItem\",\"position\":2,\"name\":\"Inicio\",\"item\":\"https:\/\/www.ateq-tpms.com\/es\/inicio\/\"},{\"@type\":\"ListItem\",\"position\":3,\"name\":\"Puntos de venta\"}]}]}<\/script>\n<!-- \/ Yoast SEO plugin. -->","yoast_head_json":{"title":"D\u00f3nde comprar herramientas de ATEQ TPMS (Am\u00e9rica)","description":"Encuentre en su zona un distribuidor, una tienda f\u00edsica o una tienda en l\u00ednea que comercialice las herramientas de ATEQ TPMS y sus licencias de software.","robots":{"index":"index","follow":"follow","max-snippet":"max-snippet:-1","max-image-preview":"max-image-preview:large","max-video-preview":"max-video-preview:-1"},"canonical":"https:\/\/www.ateq-tpms.com\/es\/inicio\/puntos-de-venta\/","og_locale":"es_ES","og_type":"article","og_title":"D\u00f3nde comprar herramientas de ATEQ TPMS (Am\u00e9rica)","og_description":"Encuentre en su zona un distribuidor, una tienda f\u00edsica o una tienda en l\u00ednea que comercialice las herramientas de ATEQ TPMS y sus licencias de software.","og_url":"https:\/\/www.ateq-tpms.com\/es\/inicio\/puntos-de-venta\/","og_site_name":"ATEQ-TPMS","article_modified_time":"2020-10-30T08:56:22+00:00","twitter_card":"summary","schema":{"@context":"https:\/\/schema.org","@graph":[{"@type":"WebSite","@id":"https:\/\/www.ateq-tpms.com\/en-us\/#website","url":"https:\/\/www.ateq-tpms.com\/en-us\/","name":"ATEQ-TPMS","description":"ATEQ TPMS es un fabricante de herramientas para sistemas de control de la presion neumaticos coche: TPMS, TPMS industriales y TPMS OEM a medida.","potentialAction":[{"@type":"SearchAction","target":{"@type":"EntryPoint","urlTemplate":"https:\/\/www.ateq-tpms.com\/en-us\/?s={search_term_string}"},"query-input":"required name=search_term_string"}],"inLanguage":"es"},{"@type":"WebPage","@id":"https:\/\/www.ateq-tpms.com\/es\/inicio\/puntos-de-venta\/#webpage","url":"https:\/\/www.ateq-tpms.com\/es\/inicio\/puntos-de-venta\/","name":"D\u00f3nde comprar herramientas de ATEQ TPMS (Am\u00e9rica)","isPartOf":{"@id":"https:\/\/www.ateq-tpms.com\/en-us\/#website"},"datePublished":"2016-07-26T10:14:30+00:00","dateModified":"2020-10-30T08:56:22+00:00","description":"Encuentre en su zona un distribuidor, una tienda f\u00edsica o una tienda en l\u00ednea que comercialice las herramientas de ATEQ TPMS y sus licencias de software.","breadcrumb":{"@id":"https:\/\/www.ateq-tpms.com\/es\/inicio\/puntos-de-venta\/#breadcrumb"},"inLanguage":"es","potentialAction":[{"@type":"ReadAction","target":["https:\/\/www.ateq-tpms.com\/es\/inicio\/puntos-de-venta\/"]}]},{"@type":"BreadcrumbList","@id":"https:\/\/www.ateq-tpms.com\/es\/inicio\/puntos-de-venta\/#breadcrumb","itemListElement":[{"@type":"ListItem","position":1,"name":"Home","item":"https:\/\/www.ateq-tpms.com\/en-us\/"},{"@type":"ListItem","position":2,"name":"Inicio","item":"https:\/\/www.ateq-tpms.com\/es\/inicio\/"},{"@type":"ListItem","position":3,"name":"Puntos de venta"}]}]}},"_links":{"self":[{"href":"https:\/\/www.ateq-tpms.com\/es\/wp-json\/wp\/v2\/pages\/6374"}],"collection":[{"href":"https:\/\/www.ateq-tpms.com\/es\/wp-json\/wp\/v2\/pages"}],"about":[{"href":"https:\/\/www.ateq-tpms.com\/es\/wp-json\/wp\/v2\/types\/page"}],"author":[{"embeddable":true,"href":"https:\/\/www.ateq-tpms.com\/es\/wp-json\/wp\/v2\/users\/1"}],"replies":[{"embeddable":true,"href":"https:\/\/www.ateq-tpms.com\/es\/wp-json\/wp\/v2\/comments?post=6374"}],"version-history":[{"count":6,"href":"https:\/\/www.ateq-tpms.com\/es\/wp-json\/wp\/v2\/pages\/6374\/revisions"}],"predecessor-version":[{"id":61743,"href":"https:\/\/www.ateq-tpms.com\/es\/wp-json\/wp\/v2\/pages\/6374\/revisions\/61743"}],"up":[{"embeddable":true,"href":"https:\/\/www.ateq-tpms.com\/es\/wp-json\/wp\/v2\/pages\/5492"}],"wp:attachment":[{"href":"https:\/\/www.ateq-tpms.com\/es\/wp-json\/wp\/v2\/media?parent=6374"}],"curies":[{"name":"wp","href":"https:\/\/api.w.org\/{rel}","templated":true}]}}