{"id":5541,"date":"2016-07-15T15:03:05","date_gmt":"2016-07-15T13:03:05","guid":{"rendered":"http:\/\/dev.ateq-tpms.com\/fr-ca\/home\/"},"modified":"2022-07-26T20:21:53","modified_gmt":"2022-07-26T18:21:53","slug":"accueil","status":"publish","type":"page","link":"https:\/\/www.ateq-tpms.com\/fr-ca\/accueil\/","title":{"rendered":"Accueil"},"content":{"rendered":"","protected":false},"excerpt":{"rendered":"","protected":false},"author":1,"featured_media":0,"parent":0,"menu_order":230,"comment_status":"closed","ping_status":"closed","template":"page-home.php","meta":{"om_disable_all_campaigns":false,"_mi_skip_tracking":false,"_monsterinsights_sitenote_active":false,"_monsterinsights_sitenote_note":"","_monsterinsights_sitenote_category":0},"acf":[],"aioseo_notices":[],"yoast_head":"<!-- This site is optimized with the Yoast SEO plugin v18.8 - https:\/\/yoast.com\/wordpress\/plugins\/seo\/ -->\n<title>ATEQ TPMS - Outil TPM, TPM industriel, TPM personnalis\u00e9 OEM<\/title>\n<meta name=\"description\" content=\"TPMS ATEQ, fabricant d&#039;outils et solutions de contr\u00f4le de pression des pneus, notamment outils TPMS, industriels TPMS et TPMS personnalis\u00e9s pour OEM.\" \/>\n<meta name=\"robots\" content=\"index, follow, max-snippet:-1, max-image-preview:large, max-video-preview:-1\" \/>\n<link rel=\"canonical\" href=\"https:\/\/www.ateq-tpms.com\/fr-ca\/accueil\/\" \/>\n<meta property=\"og:locale\" content=\"fr_FR\" \/>\n<meta property=\"og:type\" content=\"article\" \/>\n<meta property=\"og:title\" content=\"ATEQ TPMS - Outil TPM, TPM industriel, TPM personnalis\u00e9 OEM\" \/>\n<meta property=\"og:description\" content=\"TPMS ATEQ, fabricant d&#039;outils et solutions de contr\u00f4le de pression des pneus, notamment outils TPMS, industriels TPMS et TPMS personnalis\u00e9s pour OEM.\" \/>\n<meta property=\"og:url\" content=\"https:\/\/www.ateq-tpms.com\/fr-ca\/accueil\/\" \/>\n<meta property=\"og:site_name\" content=\"ATEQ-TPMS\" \/>\n<meta property=\"article:modified_time\" content=\"2022-07-26T18:21:53+00:00\" \/>\n<meta name=\"twitter:card\" content=\"summary\" \/>\n<script type=\"application\/ld+json\" class=\"yoast-schema-graph\">{\"@context\":\"https:\/\/schema.org\",\"@graph\":[{\"@type\":\"WebSite\",\"@id\":\"https:\/\/www.ateq-tpms.com\/en-us\/#website\",\"url\":\"https:\/\/www.ateq-tpms.com\/en-us\/\",\"name\":\"ATEQ-TPMS\",\"description\":\"Un site utilisant WordPress\",\"potentialAction\":[{\"@type\":\"SearchAction\",\"target\":{\"@type\":\"EntryPoint\",\"urlTemplate\":\"https:\/\/www.ateq-tpms.com\/en-us\/?s={search_term_string}\"},\"query-input\":\"required name=search_term_string\"}],\"inLanguage\":\"fr-ca\"},{\"@type\":\"WebPage\",\"@id\":\"https:\/\/www.ateq-tpms.com\/fr-ca\/accueil\/#webpage\",\"url\":\"https:\/\/www.ateq-tpms.com\/fr-ca\/accueil\/\",\"name\":\"ATEQ TPMS - Outil TPM, TPM industriel, TPM personnalis\u00e9 OEM\",\"isPartOf\":{\"@id\":\"https:\/\/www.ateq-tpms.com\/en-us\/#website\"},\"datePublished\":\"2016-07-15T13:03:05+00:00\",\"dateModified\":\"2022-07-26T18:21:53+00:00\",\"description\":\"TPMS ATEQ, fabricant d'outils et solutions de contr\u00f4le de pression des pneus, notamment outils TPMS, industriels TPMS et TPMS personnalis\u00e9s pour OEM.\",\"breadcrumb\":{\"@id\":\"https:\/\/www.ateq-tpms.com\/fr-ca\/accueil\/#breadcrumb\"},\"inLanguage\":\"fr-ca\",\"potentialAction\":[{\"@type\":\"ReadAction\",\"target\":[\"https:\/\/www.ateq-tpms.com\/fr-ca\/accueil\/\"]}]},{\"@type\":\"BreadcrumbList\",\"@id\":\"https:\/\/www.ateq-tpms.com\/fr-ca\/accueil\/#breadcrumb\",\"itemListElement\":[{\"@type\":\"ListItem\",\"position\":1,\"name\":\"Home\",\"item\":\"https:\/\/www.ateq-tpms.com\/en-us\/\"},{\"@type\":\"ListItem\",\"position\":2,\"name\":\"Accueil\"}]}]}<\/script>\n<!-- \/ Yoast SEO plugin. -->","yoast_head_json":{"title":"ATEQ TPMS - Outil TPM, TPM industriel, TPM personnalis\u00e9 OEM","description":"TPMS ATEQ, fabricant d'outils et solutions de contr\u00f4le de pression des pneus, notamment outils TPMS, industriels TPMS et TPMS personnalis\u00e9s pour OEM.","robots":{"index":"index","follow":"follow","max-snippet":"max-snippet:-1","max-image-preview":"max-image-preview:large","max-video-preview":"max-video-preview:-1"},"canonical":"https:\/\/www.ateq-tpms.com\/fr-ca\/accueil\/","og_locale":"fr_FR","og_type":"article","og_title":"ATEQ TPMS - Outil TPM, TPM industriel, TPM personnalis\u00e9 OEM","og_description":"TPMS ATEQ, fabricant d'outils et solutions de contr\u00f4le de pression des pneus, notamment outils TPMS, industriels TPMS et TPMS personnalis\u00e9s pour OEM.","og_url":"https:\/\/www.ateq-tpms.com\/fr-ca\/accueil\/","og_site_name":"ATEQ-TPMS","article_modified_time":"2022-07-26T18:21:53+00:00","twitter_card":"summary","schema":{"@context":"https:\/\/schema.org","@graph":[{"@type":"WebSite","@id":"https:\/\/www.ateq-tpms.com\/en-us\/#website","url":"https:\/\/www.ateq-tpms.com\/en-us\/","name":"ATEQ-TPMS","description":"Un site utilisant WordPress","potentialAction":[{"@type":"SearchAction","target":{"@type":"EntryPoint","urlTemplate":"https:\/\/www.ateq-tpms.com\/en-us\/?s={search_term_string}"},"query-input":"required name=search_term_string"}],"inLanguage":"fr-ca"},{"@type":"WebPage","@id":"https:\/\/www.ateq-tpms.com\/fr-ca\/accueil\/#webpage","url":"https:\/\/www.ateq-tpms.com\/fr-ca\/accueil\/","name":"ATEQ TPMS - Outil TPM, TPM industriel, TPM personnalis\u00e9 OEM","isPartOf":{"@id":"https:\/\/www.ateq-tpms.com\/en-us\/#website"},"datePublished":"2016-07-15T13:03:05+00:00","dateModified":"2022-07-26T18:21:53+00:00","description":"TPMS ATEQ, fabricant d'outils et solutions de contr\u00f4le de pression des pneus, notamment outils TPMS, industriels TPMS et TPMS personnalis\u00e9s pour OEM.","breadcrumb":{"@id":"https:\/\/www.ateq-tpms.com\/fr-ca\/accueil\/#breadcrumb"},"inLanguage":"fr-ca","potentialAction":[{"@type":"ReadAction","target":["https:\/\/www.ateq-tpms.com\/fr-ca\/accueil\/"]}]},{"@type":"BreadcrumbList","@id":"https:\/\/www.ateq-tpms.com\/fr-ca\/accueil\/#breadcrumb","itemListElement":[{"@type":"ListItem","position":1,"name":"Home","item":"https:\/\/www.ateq-tpms.com\/en-us\/"},{"@type":"ListItem","position":2,"name":"Accueil"}]}]}},"_links":{"self":[{"href":"https:\/\/www.ateq-tpms.com\/fr-ca\/wp-json\/wp\/v2\/pages\/5541"}],"collection":[{"href":"https:\/\/www.ateq-tpms.com\/fr-ca\/wp-json\/wp\/v2\/pages"}],"about":[{"href":"https:\/\/www.ateq-tpms.com\/fr-ca\/wp-json\/wp\/v2\/types\/page"}],"author":[{"embeddable":true,"href":"https:\/\/www.ateq-tpms.com\/fr-ca\/wp-json\/wp\/v2\/users\/1"}],"replies":[{"embeddable":true,"href":"https:\/\/www.ateq-tpms.com\/fr-ca\/wp-json\/wp\/v2\/comments?post=5541"}],"version-history":[{"count":33,"href":"https:\/\/www.ateq-tpms.com\/fr-ca\/wp-json\/wp\/v2\/pages\/5541\/revisions"}],"predecessor-version":[{"id":73754,"href":"https:\/\/www.ateq-tpms.com\/fr-ca\/wp-json\/wp\/v2\/pages\/5541\/revisions\/73754"}],"wp:attachment":[{"href":"https:\/\/www.ateq-tpms.com\/fr-ca\/wp-json\/wp\/v2\/media?parent=5541"}],"curies":[{"name":"wp","href":"https:\/\/api.w.org\/{rel}","templated":true}]}}