{"id":6387,"date":"2016-07-26T12:14:30","date_gmt":"2016-07-26T10:14:30","guid":{"rendered":"http:\/\/dev.ateq-tpms.com\/fr-ca\/home\/where-to-buy\/"},"modified":"2020-11-05T17:15:50","modified_gmt":"2020-11-05T16:15:50","slug":"ou-acheter","status":"publish","type":"page","link":"https:\/\/www.ateq-tpms.com\/fr-ca\/accueil\/ou-acheter\/","title":{"rendered":"O\u00f9 acheter"},"content":{"rendered":"","protected":false},"excerpt":{"rendered":"","protected":false},"author":1,"featured_media":0,"parent":5541,"menu_order":215,"comment_status":"closed","ping_status":"closed","template":"page-where-to-buy.php","meta":{"om_disable_all_campaigns":false,"_mi_skip_tracking":false,"_monsterinsights_sitenote_active":false,"_monsterinsights_sitenote_note":"","_monsterinsights_sitenote_category":0},"acf":[],"aioseo_notices":[],"yoast_head":"<!-- This site is optimized with the Yoast SEO plugin v18.8 - https:\/\/yoast.com\/wordpress\/plugins\/seo\/ -->\n<title>O\u00f9 acheter les outils TPMS d&#039;ATEQ \u2013 Am\u00e9riques<\/title>\n<meta name=\"description\" content=\"Trouvez un distributeur, un d\u00e9taillant ou un revendeur en ligne commercialisant les outils TPMS d&#039;ATEQ et les licences logicielles dans votre r\u00e9gion.\" \/>\n<meta name=\"robots\" content=\"index, follow, max-snippet:-1, max-image-preview:large, max-video-preview:-1\" \/>\n<link rel=\"canonical\" href=\"https:\/\/www.ateq-tpms.com\/fr-ca\/accueil\/ou-acheter\/\" \/>\n<meta property=\"og:locale\" content=\"fr_FR\" \/>\n<meta property=\"og:type\" content=\"article\" \/>\n<meta property=\"og:title\" content=\"O\u00f9 acheter les outils TPMS d&#039;ATEQ \u2013 Am\u00e9riques\" \/>\n<meta property=\"og:description\" content=\"Trouvez un distributeur, un d\u00e9taillant ou un revendeur en ligne commercialisant les outils TPMS d&#039;ATEQ et les licences logicielles dans votre r\u00e9gion.\" \/>\n<meta property=\"og:url\" content=\"https:\/\/www.ateq-tpms.com\/fr-ca\/accueil\/ou-acheter\/\" \/>\n<meta property=\"og:site_name\" content=\"ATEQ-TPMS\" \/>\n<meta property=\"article:modified_time\" content=\"2020-11-05T16:15:50+00:00\" \/>\n<meta name=\"twitter:card\" content=\"summary\" \/>\n<script type=\"application\/ld+json\" class=\"yoast-schema-graph\">{\"@context\":\"https:\/\/schema.org\",\"@graph\":[{\"@type\":\"WebSite\",\"@id\":\"https:\/\/www.ateq-tpms.com\/en-us\/#website\",\"url\":\"https:\/\/www.ateq-tpms.com\/en-us\/\",\"name\":\"ATEQ-TPMS\",\"description\":\"Un site utilisant WordPress\",\"potentialAction\":[{\"@type\":\"SearchAction\",\"target\":{\"@type\":\"EntryPoint\",\"urlTemplate\":\"https:\/\/www.ateq-tpms.com\/en-us\/?s={search_term_string}\"},\"query-input\":\"required name=search_term_string\"}],\"inLanguage\":\"fr-ca\"},{\"@type\":\"WebPage\",\"@id\":\"https:\/\/www.ateq-tpms.com\/fr-ca\/accueil\/ou-acheter\/#webpage\",\"url\":\"https:\/\/www.ateq-tpms.com\/fr-ca\/accueil\/ou-acheter\/\",\"name\":\"O\u00f9 acheter les outils TPMS d'ATEQ \u2013 Am\u00e9riques\",\"isPartOf\":{\"@id\":\"https:\/\/www.ateq-tpms.com\/en-us\/#website\"},\"datePublished\":\"2016-07-26T10:14:30+00:00\",\"dateModified\":\"2020-11-05T16:15:50+00:00\",\"description\":\"Trouvez un distributeur, un d\u00e9taillant ou un revendeur en ligne commercialisant les outils TPMS d'ATEQ et les licences logicielles dans votre r\u00e9gion.\",\"breadcrumb\":{\"@id\":\"https:\/\/www.ateq-tpms.com\/fr-ca\/accueil\/ou-acheter\/#breadcrumb\"},\"inLanguage\":\"fr-ca\",\"potentialAction\":[{\"@type\":\"ReadAction\",\"target\":[\"https:\/\/www.ateq-tpms.com\/fr-ca\/accueil\/ou-acheter\/\"]}]},{\"@type\":\"BreadcrumbList\",\"@id\":\"https:\/\/www.ateq-tpms.com\/fr-ca\/accueil\/ou-acheter\/#breadcrumb\",\"itemListElement\":[{\"@type\":\"ListItem\",\"position\":1,\"name\":\"Home\",\"item\":\"https:\/\/www.ateq-tpms.com\/en-us\/\"},{\"@type\":\"ListItem\",\"position\":2,\"name\":\"Accueil\",\"item\":\"https:\/\/www.ateq-tpms.com\/fr-ca\/accueil\/\"},{\"@type\":\"ListItem\",\"position\":3,\"name\":\"O\u00f9 acheter\"}]}]}<\/script>\n<!-- \/ Yoast SEO plugin. -->","yoast_head_json":{"title":"O\u00f9 acheter les outils TPMS d'ATEQ \u2013 Am\u00e9riques","description":"Trouvez un distributeur, un d\u00e9taillant ou un revendeur en ligne commercialisant les outils TPMS d'ATEQ et les licences logicielles dans votre r\u00e9gion.","robots":{"index":"index","follow":"follow","max-snippet":"max-snippet:-1","max-image-preview":"max-image-preview:large","max-video-preview":"max-video-preview:-1"},"canonical":"https:\/\/www.ateq-tpms.com\/fr-ca\/accueil\/ou-acheter\/","og_locale":"fr_FR","og_type":"article","og_title":"O\u00f9 acheter les outils TPMS d'ATEQ \u2013 Am\u00e9riques","og_description":"Trouvez un distributeur, un d\u00e9taillant ou un revendeur en ligne commercialisant les outils TPMS d'ATEQ et les licences logicielles dans votre r\u00e9gion.","og_url":"https:\/\/www.ateq-tpms.com\/fr-ca\/accueil\/ou-acheter\/","og_site_name":"ATEQ-TPMS","article_modified_time":"2020-11-05T16:15:50+00:00","twitter_card":"summary","schema":{"@context":"https:\/\/schema.org","@graph":[{"@type":"WebSite","@id":"https:\/\/www.ateq-tpms.com\/en-us\/#website","url":"https:\/\/www.ateq-tpms.com\/en-us\/","name":"ATEQ-TPMS","description":"Un site utilisant WordPress","potentialAction":[{"@type":"SearchAction","target":{"@type":"EntryPoint","urlTemplate":"https:\/\/www.ateq-tpms.com\/en-us\/?s={search_term_string}"},"query-input":"required name=search_term_string"}],"inLanguage":"fr-ca"},{"@type":"WebPage","@id":"https:\/\/www.ateq-tpms.com\/fr-ca\/accueil\/ou-acheter\/#webpage","url":"https:\/\/www.ateq-tpms.com\/fr-ca\/accueil\/ou-acheter\/","name":"O\u00f9 acheter les outils TPMS d'ATEQ \u2013 Am\u00e9riques","isPartOf":{"@id":"https:\/\/www.ateq-tpms.com\/en-us\/#website"},"datePublished":"2016-07-26T10:14:30+00:00","dateModified":"2020-11-05T16:15:50+00:00","description":"Trouvez un distributeur, un d\u00e9taillant ou un revendeur en ligne commercialisant les outils TPMS d'ATEQ et les licences logicielles dans votre r\u00e9gion.","breadcrumb":{"@id":"https:\/\/www.ateq-tpms.com\/fr-ca\/accueil\/ou-acheter\/#breadcrumb"},"inLanguage":"fr-ca","potentialAction":[{"@type":"ReadAction","target":["https:\/\/www.ateq-tpms.com\/fr-ca\/accueil\/ou-acheter\/"]}]},{"@type":"BreadcrumbList","@id":"https:\/\/www.ateq-tpms.com\/fr-ca\/accueil\/ou-acheter\/#breadcrumb","itemListElement":[{"@type":"ListItem","position":1,"name":"Home","item":"https:\/\/www.ateq-tpms.com\/en-us\/"},{"@type":"ListItem","position":2,"name":"Accueil","item":"https:\/\/www.ateq-tpms.com\/fr-ca\/accueil\/"},{"@type":"ListItem","position":3,"name":"O\u00f9 acheter"}]}]}},"_links":{"self":[{"href":"https:\/\/www.ateq-tpms.com\/fr-ca\/wp-json\/wp\/v2\/pages\/6387"}],"collection":[{"href":"https:\/\/www.ateq-tpms.com\/fr-ca\/wp-json\/wp\/v2\/pages"}],"about":[{"href":"https:\/\/www.ateq-tpms.com\/fr-ca\/wp-json\/wp\/v2\/types\/page"}],"author":[{"embeddable":true,"href":"https:\/\/www.ateq-tpms.com\/fr-ca\/wp-json\/wp\/v2\/users\/1"}],"replies":[{"embeddable":true,"href":"https:\/\/www.ateq-tpms.com\/fr-ca\/wp-json\/wp\/v2\/comments?post=6387"}],"version-history":[{"count":6,"href":"https:\/\/www.ateq-tpms.com\/fr-ca\/wp-json\/wp\/v2\/pages\/6387\/revisions"}],"predecessor-version":[{"id":63050,"href":"https:\/\/www.ateq-tpms.com\/fr-ca\/wp-json\/wp\/v2\/pages\/6387\/revisions\/63050"}],"up":[{"embeddable":true,"href":"https:\/\/www.ateq-tpms.com\/fr-ca\/wp-json\/wp\/v2\/pages\/5541"}],"wp:attachment":[{"href":"https:\/\/www.ateq-tpms.com\/fr-ca\/wp-json\/wp\/v2\/media?parent=6387"}],"curies":[{"name":"wp","href":"https:\/\/api.w.org\/{rel}","templated":true}]}}