{"id":6034,"date":"2016-09-01T15:47:53","date_gmt":"2016-09-01T13:47:53","guid":{"rendered":"http:\/\/dev.ateq-tpms.com\/fr\/home\/about-ateq\/"},"modified":"2021-07-12T15:29:30","modified_gmt":"2021-07-12T13:29:30","slug":"a-propos","status":"publish","type":"page","link":"https:\/\/www.ateq-tpms.com\/fr\/accueil\/a-propos\/","title":{"rendered":"\u00c0 propos d&#8217;Ateq"},"content":{"rendered":"","protected":false},"excerpt":{"rendered":"","protected":false},"author":1,"featured_media":0,"parent":5469,"menu_order":136,"comment_status":"closed","ping_status":"closed","template":"page-about-ateq.php","meta":{"om_disable_all_campaigns":false,"_mi_skip_tracking":false,"_monsterinsights_sitenote_active":false,"_monsterinsights_sitenote_note":"","_monsterinsights_sitenote_category":0},"acf":[],"aioseo_notices":[],"yoast_head":"<!-- This site is optimized with the Yoast SEO plugin v18.8 - https:\/\/yoast.com\/wordpress\/plugins\/seo\/ -->\n<title>ATEQ TPMS - Outils TPMS, industriels et personnalis\u00e9s pour OEM<\/title>\n<meta name=\"description\" content=\"Le systeme TPMS d&#039;ATEQ fournit des outils TPMS, personnalis\u00e9s et industriels pour les lignes d&#039;assemblage et les ateliers de r\u00e9paration de pneus.\" \/>\n<meta name=\"robots\" content=\"index, follow, max-snippet:-1, max-image-preview:large, max-video-preview:-1\" \/>\n<link rel=\"canonical\" href=\"https:\/\/www.ateq-tpms.com\/fr\/accueil\/a-propos\/\" \/>\n<meta property=\"og:locale\" content=\"fr_FR\" \/>\n<meta property=\"og:type\" content=\"article\" \/>\n<meta property=\"og:title\" content=\"ATEQ TPMS - Outils TPMS, industriels et personnalis\u00e9s pour OEM\" \/>\n<meta property=\"og:description\" content=\"Le systeme TPMS d&#039;ATEQ fournit des outils TPMS, personnalis\u00e9s et industriels pour les lignes d&#039;assemblage et les ateliers de r\u00e9paration de pneus.\" \/>\n<meta property=\"og:url\" content=\"https:\/\/www.ateq-tpms.com\/fr\/accueil\/a-propos\/\" \/>\n<meta property=\"og:site_name\" content=\"ATEQ-TPMS\" \/>\n<meta property=\"article:modified_time\" content=\"2021-07-12T13:29:30+00:00\" \/>\n<meta name=\"twitter:card\" content=\"summary\" \/>\n<script type=\"application\/ld+json\" class=\"yoast-schema-graph\">{\"@context\":\"https:\/\/schema.org\",\"@graph\":[{\"@type\":\"WebSite\",\"@id\":\"https:\/\/www.ateq-tpms.com\/en-us\/#website\",\"url\":\"https:\/\/www.ateq-tpms.com\/en-us\/\",\"name\":\"ATEQ-TPMS\",\"description\":\"ATEQ-TPMS - TPMS tools, TPMS industrial tools, custom OEM TPMS\",\"potentialAction\":[{\"@type\":\"SearchAction\",\"target\":{\"@type\":\"EntryPoint\",\"urlTemplate\":\"https:\/\/www.ateq-tpms.com\/en-us\/?s={search_term_string}\"},\"query-input\":\"required name=search_term_string\"}],\"inLanguage\":\"fr\"},{\"@type\":\"WebPage\",\"@id\":\"https:\/\/www.ateq-tpms.com\/fr\/accueil\/a-propos\/#webpage\",\"url\":\"https:\/\/www.ateq-tpms.com\/fr\/accueil\/a-propos\/\",\"name\":\"ATEQ TPMS - Outils TPMS, industriels et personnalis\u00e9s pour OEM\",\"isPartOf\":{\"@id\":\"https:\/\/www.ateq-tpms.com\/en-us\/#website\"},\"datePublished\":\"2016-09-01T13:47:53+00:00\",\"dateModified\":\"2021-07-12T13:29:30+00:00\",\"description\":\"Le systeme TPMS d'ATEQ fournit des outils TPMS, personnalis\u00e9s et industriels pour les lignes d'assemblage et les ateliers de r\u00e9paration de pneus.\",\"breadcrumb\":{\"@id\":\"https:\/\/www.ateq-tpms.com\/fr\/accueil\/a-propos\/#breadcrumb\"},\"inLanguage\":\"fr\",\"potentialAction\":[{\"@type\":\"ReadAction\",\"target\":[\"https:\/\/www.ateq-tpms.com\/fr\/accueil\/a-propos\/\"]}]},{\"@type\":\"BreadcrumbList\",\"@id\":\"https:\/\/www.ateq-tpms.com\/fr\/accueil\/a-propos\/#breadcrumb\",\"itemListElement\":[{\"@type\":\"ListItem\",\"position\":1,\"name\":\"Home\",\"item\":\"https:\/\/www.ateq-tpms.com\/en-us\/\"},{\"@type\":\"ListItem\",\"position\":2,\"name\":\"Accueil\",\"item\":\"https:\/\/www.ateq-tpms.com\/fr\/accueil\/\"},{\"@type\":\"ListItem\",\"position\":3,\"name\":\"\u00c0 propos d&#8217;Ateq\"}]}]}<\/script>\n<!-- \/ Yoast SEO plugin. -->","yoast_head_json":{"title":"ATEQ TPMS - Outils TPMS, industriels et personnalis\u00e9s pour OEM","description":"Le systeme TPMS d'ATEQ fournit des outils TPMS, personnalis\u00e9s et industriels pour les lignes d'assemblage et les ateliers de r\u00e9paration de pneus.","robots":{"index":"index","follow":"follow","max-snippet":"max-snippet:-1","max-image-preview":"max-image-preview:large","max-video-preview":"max-video-preview:-1"},"canonical":"https:\/\/www.ateq-tpms.com\/fr\/accueil\/a-propos\/","og_locale":"fr_FR","og_type":"article","og_title":"ATEQ TPMS - Outils TPMS, industriels et personnalis\u00e9s pour OEM","og_description":"Le systeme TPMS d'ATEQ fournit des outils TPMS, personnalis\u00e9s et industriels pour les lignes d'assemblage et les ateliers de r\u00e9paration de pneus.","og_url":"https:\/\/www.ateq-tpms.com\/fr\/accueil\/a-propos\/","og_site_name":"ATEQ-TPMS","article_modified_time":"2021-07-12T13:29:30+00:00","twitter_card":"summary","schema":{"@context":"https:\/\/schema.org","@graph":[{"@type":"WebSite","@id":"https:\/\/www.ateq-tpms.com\/en-us\/#website","url":"https:\/\/www.ateq-tpms.com\/en-us\/","name":"ATEQ-TPMS","description":"ATEQ-TPMS - TPMS tools, TPMS industrial tools, custom OEM TPMS","potentialAction":[{"@type":"SearchAction","target":{"@type":"EntryPoint","urlTemplate":"https:\/\/www.ateq-tpms.com\/en-us\/?s={search_term_string}"},"query-input":"required name=search_term_string"}],"inLanguage":"fr"},{"@type":"WebPage","@id":"https:\/\/www.ateq-tpms.com\/fr\/accueil\/a-propos\/#webpage","url":"https:\/\/www.ateq-tpms.com\/fr\/accueil\/a-propos\/","name":"ATEQ TPMS - Outils TPMS, industriels et personnalis\u00e9s pour OEM","isPartOf":{"@id":"https:\/\/www.ateq-tpms.com\/en-us\/#website"},"datePublished":"2016-09-01T13:47:53+00:00","dateModified":"2021-07-12T13:29:30+00:00","description":"Le systeme TPMS d'ATEQ fournit des outils TPMS, personnalis\u00e9s et industriels pour les lignes d'assemblage et les ateliers de r\u00e9paration de pneus.","breadcrumb":{"@id":"https:\/\/www.ateq-tpms.com\/fr\/accueil\/a-propos\/#breadcrumb"},"inLanguage":"fr","potentialAction":[{"@type":"ReadAction","target":["https:\/\/www.ateq-tpms.com\/fr\/accueil\/a-propos\/"]}]},{"@type":"BreadcrumbList","@id":"https:\/\/www.ateq-tpms.com\/fr\/accueil\/a-propos\/#breadcrumb","itemListElement":[{"@type":"ListItem","position":1,"name":"Home","item":"https:\/\/www.ateq-tpms.com\/en-us\/"},{"@type":"ListItem","position":2,"name":"Accueil","item":"https:\/\/www.ateq-tpms.com\/fr\/accueil\/"},{"@type":"ListItem","position":3,"name":"\u00c0 propos d&#8217;Ateq"}]}]}},"_links":{"self":[{"href":"https:\/\/www.ateq-tpms.com\/fr\/wp-json\/wp\/v2\/pages\/6034"}],"collection":[{"href":"https:\/\/www.ateq-tpms.com\/fr\/wp-json\/wp\/v2\/pages"}],"about":[{"href":"https:\/\/www.ateq-tpms.com\/fr\/wp-json\/wp\/v2\/types\/page"}],"author":[{"embeddable":true,"href":"https:\/\/www.ateq-tpms.com\/fr\/wp-json\/wp\/v2\/users\/1"}],"replies":[{"embeddable":true,"href":"https:\/\/www.ateq-tpms.com\/fr\/wp-json\/wp\/v2\/comments?post=6034"}],"version-history":[{"count":18,"href":"https:\/\/www.ateq-tpms.com\/fr\/wp-json\/wp\/v2\/pages\/6034\/revisions"}],"predecessor-version":[{"id":70208,"href":"https:\/\/www.ateq-tpms.com\/fr\/wp-json\/wp\/v2\/pages\/6034\/revisions\/70208"}],"up":[{"embeddable":true,"href":"https:\/\/www.ateq-tpms.com\/fr\/wp-json\/wp\/v2\/pages\/5469"}],"wp:attachment":[{"href":"https:\/\/www.ateq-tpms.com\/fr\/wp-json\/wp\/v2\/media?parent=6034"}],"curies":[{"name":"wp","href":"https:\/\/api.w.org\/{rel}","templated":true}]}}