{"id":6306,"date":"2016-08-24T14:05:20","date_gmt":"2016-08-24T12:05:20","guid":{"rendered":"http:\/\/dev.ateq-tpms.com\/fr\/home\/news\/"},"modified":"2021-02-15T20:18:46","modified_gmt":"2021-02-15T19:18:46","slug":"actualites","status":"publish","type":"page","link":"https:\/\/www.ateq-tpms.com\/fr\/accueil\/actualites\/","title":{"rendered":"Actualit\u00e9s"},"content":{"rendered":"","protected":false},"excerpt":{"rendered":"","protected":false},"author":1,"featured_media":0,"parent":5469,"menu_order":117,"comment_status":"closed","ping_status":"closed","template":"page-news.php","meta":{"om_disable_all_campaigns":false,"_mi_skip_tracking":false,"_monsterinsights_sitenote_active":false,"_monsterinsights_sitenote_note":"","_monsterinsights_sitenote_category":0},"acf":[],"aioseo_notices":[],"yoast_head":"<!-- This site is optimized with the Yoast SEO plugin v18.8 - https:\/\/yoast.com\/wordpress\/plugins\/seo\/ -->\n<title>TPMS ATEQ - Actualit\u00e9s, salons commerciaux et \u00e9v\u00e9nements<\/title>\n<meta name=\"description\" content=\"Actualit\u00e9s, mises \u00e0 jour techniques, foires commerciales et \u00e9v\u00e9nements \u00e0 venir TPMS (controle pression pneu) en Europe, en Afrique et au Moyen-Orient.\" \/>\n<meta name=\"robots\" content=\"index, follow, max-snippet:-1, max-image-preview:large, max-video-preview:-1\" \/>\n<link rel=\"canonical\" href=\"https:\/\/www.ateq-tpms.com\/fr\/accueil\/actualites\/\" \/>\n<meta property=\"og:locale\" content=\"fr_FR\" \/>\n<meta property=\"og:type\" content=\"article\" \/>\n<meta property=\"og:title\" content=\"TPMS ATEQ - Actualit\u00e9s, salons commerciaux et \u00e9v\u00e9nements\" \/>\n<meta property=\"og:description\" content=\"Actualit\u00e9s, mises \u00e0 jour techniques, foires commerciales et \u00e9v\u00e9nements \u00e0 venir TPMS (controle pression pneu) en Europe, en Afrique et au Moyen-Orient.\" \/>\n<meta property=\"og:url\" content=\"https:\/\/www.ateq-tpms.com\/fr\/accueil\/actualites\/\" \/>\n<meta property=\"og:site_name\" content=\"ATEQ-TPMS\" \/>\n<meta property=\"article:modified_time\" content=\"2021-02-15T19:18:46+00:00\" \/>\n<meta name=\"twitter:card\" content=\"summary\" \/>\n<script type=\"application\/ld+json\" class=\"yoast-schema-graph\">{\"@context\":\"https:\/\/schema.org\",\"@graph\":[{\"@type\":\"WebSite\",\"@id\":\"https:\/\/www.ateq-tpms.com\/en-us\/#website\",\"url\":\"https:\/\/www.ateq-tpms.com\/en-us\/\",\"name\":\"ATEQ-TPMS\",\"description\":\"ATEQ-TPMS - TPMS tools, TPMS industrial tools, custom OEM TPMS\",\"potentialAction\":[{\"@type\":\"SearchAction\",\"target\":{\"@type\":\"EntryPoint\",\"urlTemplate\":\"https:\/\/www.ateq-tpms.com\/en-us\/?s={search_term_string}\"},\"query-input\":\"required name=search_term_string\"}],\"inLanguage\":\"fr\"},{\"@type\":\"WebPage\",\"@id\":\"https:\/\/www.ateq-tpms.com\/fr\/accueil\/actualites\/#webpage\",\"url\":\"https:\/\/www.ateq-tpms.com\/fr\/accueil\/actualites\/\",\"name\":\"TPMS ATEQ - Actualit\u00e9s, salons commerciaux et \u00e9v\u00e9nements\",\"isPartOf\":{\"@id\":\"https:\/\/www.ateq-tpms.com\/en-us\/#website\"},\"datePublished\":\"2016-08-24T12:05:20+00:00\",\"dateModified\":\"2021-02-15T19:18:46+00:00\",\"description\":\"Actualit\u00e9s, mises \u00e0 jour techniques, foires commerciales et \u00e9v\u00e9nements \u00e0 venir TPMS (controle pression pneu) en Europe, en Afrique et au Moyen-Orient.\",\"breadcrumb\":{\"@id\":\"https:\/\/www.ateq-tpms.com\/fr\/accueil\/actualites\/#breadcrumb\"},\"inLanguage\":\"fr\",\"potentialAction\":[{\"@type\":\"ReadAction\",\"target\":[\"https:\/\/www.ateq-tpms.com\/fr\/accueil\/actualites\/\"]}]},{\"@type\":\"BreadcrumbList\",\"@id\":\"https:\/\/www.ateq-tpms.com\/fr\/accueil\/actualites\/#breadcrumb\",\"itemListElement\":[{\"@type\":\"ListItem\",\"position\":1,\"name\":\"Home\",\"item\":\"https:\/\/www.ateq-tpms.com\/en-us\/\"},{\"@type\":\"ListItem\",\"position\":2,\"name\":\"Accueil\",\"item\":\"https:\/\/www.ateq-tpms.com\/fr\/accueil\/\"},{\"@type\":\"ListItem\",\"position\":3,\"name\":\"Actualit\u00e9s\"}]}]}<\/script>\n<!-- \/ Yoast SEO plugin. -->","yoast_head_json":{"title":"TPMS ATEQ - Actualit\u00e9s, salons commerciaux et \u00e9v\u00e9nements","description":"Actualit\u00e9s, mises \u00e0 jour techniques, foires commerciales et \u00e9v\u00e9nements \u00e0 venir TPMS (controle pression pneu) en Europe, en Afrique et au Moyen-Orient.","robots":{"index":"index","follow":"follow","max-snippet":"max-snippet:-1","max-image-preview":"max-image-preview:large","max-video-preview":"max-video-preview:-1"},"canonical":"https:\/\/www.ateq-tpms.com\/fr\/accueil\/actualites\/","og_locale":"fr_FR","og_type":"article","og_title":"TPMS ATEQ - Actualit\u00e9s, salons commerciaux et \u00e9v\u00e9nements","og_description":"Actualit\u00e9s, mises \u00e0 jour techniques, foires commerciales et \u00e9v\u00e9nements \u00e0 venir TPMS (controle pression pneu) en Europe, en Afrique et au Moyen-Orient.","og_url":"https:\/\/www.ateq-tpms.com\/fr\/accueil\/actualites\/","og_site_name":"ATEQ-TPMS","article_modified_time":"2021-02-15T19:18:46+00:00","twitter_card":"summary","schema":{"@context":"https:\/\/schema.org","@graph":[{"@type":"WebSite","@id":"https:\/\/www.ateq-tpms.com\/en-us\/#website","url":"https:\/\/www.ateq-tpms.com\/en-us\/","name":"ATEQ-TPMS","description":"ATEQ-TPMS - TPMS tools, TPMS industrial tools, custom OEM TPMS","potentialAction":[{"@type":"SearchAction","target":{"@type":"EntryPoint","urlTemplate":"https:\/\/www.ateq-tpms.com\/en-us\/?s={search_term_string}"},"query-input":"required name=search_term_string"}],"inLanguage":"fr"},{"@type":"WebPage","@id":"https:\/\/www.ateq-tpms.com\/fr\/accueil\/actualites\/#webpage","url":"https:\/\/www.ateq-tpms.com\/fr\/accueil\/actualites\/","name":"TPMS ATEQ - Actualit\u00e9s, salons commerciaux et \u00e9v\u00e9nements","isPartOf":{"@id":"https:\/\/www.ateq-tpms.com\/en-us\/#website"},"datePublished":"2016-08-24T12:05:20+00:00","dateModified":"2021-02-15T19:18:46+00:00","description":"Actualit\u00e9s, mises \u00e0 jour techniques, foires commerciales et \u00e9v\u00e9nements \u00e0 venir TPMS (controle pression pneu) en Europe, en Afrique et au Moyen-Orient.","breadcrumb":{"@id":"https:\/\/www.ateq-tpms.com\/fr\/accueil\/actualites\/#breadcrumb"},"inLanguage":"fr","potentialAction":[{"@type":"ReadAction","target":["https:\/\/www.ateq-tpms.com\/fr\/accueil\/actualites\/"]}]},{"@type":"BreadcrumbList","@id":"https:\/\/www.ateq-tpms.com\/fr\/accueil\/actualites\/#breadcrumb","itemListElement":[{"@type":"ListItem","position":1,"name":"Home","item":"https:\/\/www.ateq-tpms.com\/en-us\/"},{"@type":"ListItem","position":2,"name":"Accueil","item":"https:\/\/www.ateq-tpms.com\/fr\/accueil\/"},{"@type":"ListItem","position":3,"name":"Actualit\u00e9s"}]}]}},"_links":{"self":[{"href":"https:\/\/www.ateq-tpms.com\/fr\/wp-json\/wp\/v2\/pages\/6306"}],"collection":[{"href":"https:\/\/www.ateq-tpms.com\/fr\/wp-json\/wp\/v2\/pages"}],"about":[{"href":"https:\/\/www.ateq-tpms.com\/fr\/wp-json\/wp\/v2\/types\/page"}],"author":[{"embeddable":true,"href":"https:\/\/www.ateq-tpms.com\/fr\/wp-json\/wp\/v2\/users\/1"}],"replies":[{"embeddable":true,"href":"https:\/\/www.ateq-tpms.com\/fr\/wp-json\/wp\/v2\/comments?post=6306"}],"version-history":[{"count":51,"href":"https:\/\/www.ateq-tpms.com\/fr\/wp-json\/wp\/v2\/pages\/6306\/revisions"}],"predecessor-version":[{"id":67878,"href":"https:\/\/www.ateq-tpms.com\/fr\/wp-json\/wp\/v2\/pages\/6306\/revisions\/67878"}],"up":[{"embeddable":true,"href":"https:\/\/www.ateq-tpms.com\/fr\/wp-json\/wp\/v2\/pages\/5469"}],"wp:attachment":[{"href":"https:\/\/www.ateq-tpms.com\/fr\/wp-json\/wp\/v2\/media?parent=6306"}],"curies":[{"name":"wp","href":"https:\/\/api.w.org\/{rel}","templated":true}]}}