{"id":27998,"date":"2016-07-26T12:14:30","date_gmt":"2016-07-26T10:14:30","guid":{"rendered":"https:\/\/www.ateq-tpms.com\/home\/where-to-buy\/"},"modified":"2020-10-30T09:56:13","modified_gmt":"2020-10-30T08:56:13","slug":"where-to-buy","status":"publish","type":"page","link":"https:\/\/www.ateq-tpms.com\/pt\/home\/where-to-buy\/","title":{"rendered":"ONDE COMPRAR"},"content":{"rendered":"","protected":false},"excerpt":{"rendered":"","protected":false},"author":1,"featured_media":0,"parent":27986,"menu_order":215,"comment_status":"closed","ping_status":"closed","template":"page-where-to-buy.php","meta":{"om_disable_all_campaigns":false,"_mi_skip_tracking":false,"_monsterinsights_sitenote_active":false,"_monsterinsights_sitenote_note":"","_monsterinsights_sitenote_category":0},"acf":[],"aioseo_notices":[],"yoast_head":"<!-- This site is optimized with the Yoast SEO plugin v18.8 - https:\/\/yoast.com\/wordpress\/plugins\/seo\/ -->\n<title>Onde comprar ferramentas ATEQ TPMS - Am\u00e9ricas<\/title>\n<meta name=\"description\" content=\"Encontre um distribuidor local, uma loja ou um revendedor on-line em sua \u00e1rea que vende ferramentas e licen\u00e7as de software da ATEQ TPMS para seu produto.\" \/>\n<meta name=\"robots\" content=\"index, follow, max-snippet:-1, max-image-preview:large, max-video-preview:-1\" \/>\n<link rel=\"canonical\" href=\"https:\/\/www.ateq-tpms.com\/pt\/home\/where-to-buy\/\" \/>\n<meta property=\"og:locale\" content=\"pt_PT\" \/>\n<meta property=\"og:type\" content=\"article\" \/>\n<meta property=\"og:title\" content=\"Onde comprar ferramentas ATEQ TPMS - Am\u00e9ricas\" \/>\n<meta property=\"og:description\" content=\"Encontre um distribuidor local, uma loja ou um revendedor on-line em sua \u00e1rea que vende ferramentas e licen\u00e7as de software da ATEQ TPMS para seu produto.\" \/>\n<meta property=\"og:url\" content=\"https:\/\/www.ateq-tpms.com\/pt\/home\/where-to-buy\/\" \/>\n<meta property=\"og:site_name\" content=\"ATEQ-TPMS\" \/>\n<meta property=\"article:modified_time\" content=\"2020-10-30T08:56:13+00:00\" \/>\n<meta name=\"twitter:card\" content=\"summary\" \/>\n<script type=\"application\/ld+json\" class=\"yoast-schema-graph\">{\"@context\":\"https:\/\/schema.org\",\"@graph\":[{\"@type\":\"WebSite\",\"@id\":\"https:\/\/www.ateq-tpms.com\/en-us\/#website\",\"url\":\"https:\/\/www.ateq-tpms.com\/en-us\/\",\"name\":\"ATEQ-TPMS\",\"description\":\"Un site utilisant WordPress\",\"potentialAction\":[{\"@type\":\"SearchAction\",\"target\":{\"@type\":\"EntryPoint\",\"urlTemplate\":\"https:\/\/www.ateq-tpms.com\/en-us\/?s={search_term_string}\"},\"query-input\":\"required name=search_term_string\"}],\"inLanguage\":\"pt\"},{\"@type\":\"WebPage\",\"@id\":\"https:\/\/www.ateq-tpms.com\/pt\/home\/where-to-buy\/#webpage\",\"url\":\"https:\/\/www.ateq-tpms.com\/pt\/home\/where-to-buy\/\",\"name\":\"Onde comprar ferramentas ATEQ TPMS - Am\u00e9ricas\",\"isPartOf\":{\"@id\":\"https:\/\/www.ateq-tpms.com\/en-us\/#website\"},\"datePublished\":\"2016-07-26T10:14:30+00:00\",\"dateModified\":\"2020-10-30T08:56:13+00:00\",\"description\":\"Encontre um distribuidor local, uma loja ou um revendedor on-line em sua \u00e1rea que vende ferramentas e licen\u00e7as de software da ATEQ TPMS para seu produto.\",\"breadcrumb\":{\"@id\":\"https:\/\/www.ateq-tpms.com\/pt\/home\/where-to-buy\/#breadcrumb\"},\"inLanguage\":\"pt\",\"potentialAction\":[{\"@type\":\"ReadAction\",\"target\":[\"https:\/\/www.ateq-tpms.com\/pt\/home\/where-to-buy\/\"]}]},{\"@type\":\"BreadcrumbList\",\"@id\":\"https:\/\/www.ateq-tpms.com\/pt\/home\/where-to-buy\/#breadcrumb\",\"itemListElement\":[{\"@type\":\"ListItem\",\"position\":1,\"name\":\"Home\",\"item\":\"https:\/\/www.ateq-tpms.com\/en-us\/\"},{\"@type\":\"ListItem\",\"position\":2,\"name\":\"Principal\",\"item\":\"https:\/\/www.ateq-tpms.com\/pt\/home\/\"},{\"@type\":\"ListItem\",\"position\":3,\"name\":\"ONDE COMPRAR\"}]}]}<\/script>\n<!-- \/ Yoast SEO plugin. -->","yoast_head_json":{"title":"Onde comprar ferramentas ATEQ TPMS - Am\u00e9ricas","description":"Encontre um distribuidor local, uma loja ou um revendedor on-line em sua \u00e1rea que vende ferramentas e licen\u00e7as de software da ATEQ TPMS para seu produto.","robots":{"index":"index","follow":"follow","max-snippet":"max-snippet:-1","max-image-preview":"max-image-preview:large","max-video-preview":"max-video-preview:-1"},"canonical":"https:\/\/www.ateq-tpms.com\/pt\/home\/where-to-buy\/","og_locale":"pt_PT","og_type":"article","og_title":"Onde comprar ferramentas ATEQ TPMS - Am\u00e9ricas","og_description":"Encontre um distribuidor local, uma loja ou um revendedor on-line em sua \u00e1rea que vende ferramentas e licen\u00e7as de software da ATEQ TPMS para seu produto.","og_url":"https:\/\/www.ateq-tpms.com\/pt\/home\/where-to-buy\/","og_site_name":"ATEQ-TPMS","article_modified_time":"2020-10-30T08:56:13+00:00","twitter_card":"summary","schema":{"@context":"https:\/\/schema.org","@graph":[{"@type":"WebSite","@id":"https:\/\/www.ateq-tpms.com\/en-us\/#website","url":"https:\/\/www.ateq-tpms.com\/en-us\/","name":"ATEQ-TPMS","description":"Un site utilisant WordPress","potentialAction":[{"@type":"SearchAction","target":{"@type":"EntryPoint","urlTemplate":"https:\/\/www.ateq-tpms.com\/en-us\/?s={search_term_string}"},"query-input":"required name=search_term_string"}],"inLanguage":"pt"},{"@type":"WebPage","@id":"https:\/\/www.ateq-tpms.com\/pt\/home\/where-to-buy\/#webpage","url":"https:\/\/www.ateq-tpms.com\/pt\/home\/where-to-buy\/","name":"Onde comprar ferramentas ATEQ TPMS - Am\u00e9ricas","isPartOf":{"@id":"https:\/\/www.ateq-tpms.com\/en-us\/#website"},"datePublished":"2016-07-26T10:14:30+00:00","dateModified":"2020-10-30T08:56:13+00:00","description":"Encontre um distribuidor local, uma loja ou um revendedor on-line em sua \u00e1rea que vende ferramentas e licen\u00e7as de software da ATEQ TPMS para seu produto.","breadcrumb":{"@id":"https:\/\/www.ateq-tpms.com\/pt\/home\/where-to-buy\/#breadcrumb"},"inLanguage":"pt","potentialAction":[{"@type":"ReadAction","target":["https:\/\/www.ateq-tpms.com\/pt\/home\/where-to-buy\/"]}]},{"@type":"BreadcrumbList","@id":"https:\/\/www.ateq-tpms.com\/pt\/home\/where-to-buy\/#breadcrumb","itemListElement":[{"@type":"ListItem","position":1,"name":"Home","item":"https:\/\/www.ateq-tpms.com\/en-us\/"},{"@type":"ListItem","position":2,"name":"Principal","item":"https:\/\/www.ateq-tpms.com\/pt\/home\/"},{"@type":"ListItem","position":3,"name":"ONDE COMPRAR"}]}]}},"_links":{"self":[{"href":"https:\/\/www.ateq-tpms.com\/pt\/wp-json\/wp\/v2\/pages\/27998"}],"collection":[{"href":"https:\/\/www.ateq-tpms.com\/pt\/wp-json\/wp\/v2\/pages"}],"about":[{"href":"https:\/\/www.ateq-tpms.com\/pt\/wp-json\/wp\/v2\/types\/page"}],"author":[{"embeddable":true,"href":"https:\/\/www.ateq-tpms.com\/pt\/wp-json\/wp\/v2\/users\/1"}],"replies":[{"embeddable":true,"href":"https:\/\/www.ateq-tpms.com\/pt\/wp-json\/wp\/v2\/comments?post=27998"}],"version-history":[{"count":2,"href":"https:\/\/www.ateq-tpms.com\/pt\/wp-json\/wp\/v2\/pages\/27998\/revisions"}],"predecessor-version":[{"id":61742,"href":"https:\/\/www.ateq-tpms.com\/pt\/wp-json\/wp\/v2\/pages\/27998\/revisions\/61742"}],"up":[{"embeddable":true,"href":"https:\/\/www.ateq-tpms.com\/pt\/wp-json\/wp\/v2\/pages\/27986"}],"wp:attachment":[{"href":"https:\/\/www.ateq-tpms.com\/pt\/wp-json\/wp\/v2\/media?parent=27998"}],"curies":[{"name":"wp","href":"https:\/\/api.w.org\/{rel}","templated":true}]}}