{"id":28351,"date":"2016-10-18T11:37:40","date_gmt":"2016-10-18T09:37:40","guid":{"rendered":"https:\/\/www.ateq-tpms.com\/home\/all-products\/"},"modified":"2020-11-07T23:49:37","modified_gmt":"2020-11-07T22:49:37","slug":"all-products","status":"publish","type":"page","link":"https:\/\/www.ateq-tpms.com\/pt\/home\/all-products\/","title":{"rendered":"All products"},"content":{"rendered":"","protected":false},"excerpt":{"rendered":"","protected":false},"author":1,"featured_media":0,"parent":27986,"menu_order":60,"comment_status":"closed","ping_status":"closed","template":"page-all-products.php","meta":{"om_disable_all_campaigns":false,"_mi_skip_tracking":false,"_monsterinsights_sitenote_active":false,"_monsterinsights_sitenote_note":"","_monsterinsights_sitenote_category":0},"acf":[],"aioseo_notices":[],"yoast_head":"<!-- This site is optimized with the Yoast SEO plugin v18.8 - https:\/\/yoast.com\/wordpress\/plugins\/seo\/ -->\n<title>ATEQ TPMS e solu\u00e7\u00f5es de p\u00f3s-venda - produtos<\/title>\n<meta name=\"description\" content=\"Ferramentas ATEQ TPMS e solu\u00e7\u00f5es de p\u00f3s-venda, incluindo as ferramentas VT56 TPMS, VT36 TPMS, TPMS industrial e acess\u00f3rios.\" \/>\n<meta name=\"robots\" content=\"index, follow, max-snippet:-1, max-image-preview:large, max-video-preview:-1\" \/>\n<link rel=\"canonical\" href=\"https:\/\/www.ateq-tpms.com\/pt\/home\/all-products\/\" \/>\n<meta property=\"og:locale\" content=\"pt_PT\" \/>\n<meta property=\"og:type\" content=\"article\" \/>\n<meta property=\"og:title\" content=\"ATEQ TPMS e solu\u00e7\u00f5es de p\u00f3s-venda - produtos\" \/>\n<meta property=\"og:description\" content=\"Ferramentas ATEQ TPMS e solu\u00e7\u00f5es de p\u00f3s-venda, incluindo as ferramentas VT56 TPMS, VT36 TPMS, TPMS industrial e acess\u00f3rios.\" \/>\n<meta property=\"og:url\" content=\"https:\/\/www.ateq-tpms.com\/pt\/home\/all-products\/\" \/>\n<meta property=\"og:site_name\" content=\"ATEQ-TPMS\" \/>\n<meta property=\"article:modified_time\" content=\"2020-11-07T22:49:37+00:00\" \/>\n<meta name=\"twitter:card\" content=\"summary\" \/>\n<script type=\"application\/ld+json\" class=\"yoast-schema-graph\">{\"@context\":\"https:\/\/schema.org\",\"@graph\":[{\"@type\":\"WebSite\",\"@id\":\"https:\/\/www.ateq-tpms.com\/en-us\/#website\",\"url\":\"https:\/\/www.ateq-tpms.com\/en-us\/\",\"name\":\"ATEQ-TPMS\",\"description\":\"Un site utilisant WordPress\",\"potentialAction\":[{\"@type\":\"SearchAction\",\"target\":{\"@type\":\"EntryPoint\",\"urlTemplate\":\"https:\/\/www.ateq-tpms.com\/en-us\/?s={search_term_string}\"},\"query-input\":\"required name=search_term_string\"}],\"inLanguage\":\"pt\"},{\"@type\":\"WebPage\",\"@id\":\"https:\/\/www.ateq-tpms.com\/pt\/home\/all-products\/#webpage\",\"url\":\"https:\/\/www.ateq-tpms.com\/pt\/home\/all-products\/\",\"name\":\"ATEQ TPMS e solu\u00e7\u00f5es de p\u00f3s-venda - produtos\",\"isPartOf\":{\"@id\":\"https:\/\/www.ateq-tpms.com\/en-us\/#website\"},\"datePublished\":\"2016-10-18T09:37:40+00:00\",\"dateModified\":\"2020-11-07T22:49:37+00:00\",\"description\":\"Ferramentas ATEQ TPMS e solu\u00e7\u00f5es de p\u00f3s-venda, incluindo as ferramentas VT56 TPMS, VT36 TPMS, TPMS industrial e acess\u00f3rios.\",\"breadcrumb\":{\"@id\":\"https:\/\/www.ateq-tpms.com\/pt\/home\/all-products\/#breadcrumb\"},\"inLanguage\":\"pt\",\"potentialAction\":[{\"@type\":\"ReadAction\",\"target\":[\"https:\/\/www.ateq-tpms.com\/pt\/home\/all-products\/\"]}]},{\"@type\":\"BreadcrumbList\",\"@id\":\"https:\/\/www.ateq-tpms.com\/pt\/home\/all-products\/#breadcrumb\",\"itemListElement\":[{\"@type\":\"ListItem\",\"position\":1,\"name\":\"Home\",\"item\":\"https:\/\/www.ateq-tpms.com\/en-us\/\"},{\"@type\":\"ListItem\",\"position\":2,\"name\":\"Principal\",\"item\":\"https:\/\/www.ateq-tpms.com\/pt\/home\/\"},{\"@type\":\"ListItem\",\"position\":3,\"name\":\"All products\"}]}]}<\/script>\n<!-- \/ Yoast SEO plugin. -->","yoast_head_json":{"title":"ATEQ TPMS e solu\u00e7\u00f5es de p\u00f3s-venda - produtos","description":"Ferramentas ATEQ TPMS e solu\u00e7\u00f5es de p\u00f3s-venda, incluindo as ferramentas VT56 TPMS, VT36 TPMS, TPMS industrial e acess\u00f3rios.","robots":{"index":"index","follow":"follow","max-snippet":"max-snippet:-1","max-image-preview":"max-image-preview:large","max-video-preview":"max-video-preview:-1"},"canonical":"https:\/\/www.ateq-tpms.com\/pt\/home\/all-products\/","og_locale":"pt_PT","og_type":"article","og_title":"ATEQ TPMS e solu\u00e7\u00f5es de p\u00f3s-venda - produtos","og_description":"Ferramentas ATEQ TPMS e solu\u00e7\u00f5es de p\u00f3s-venda, incluindo as ferramentas VT56 TPMS, VT36 TPMS, TPMS industrial e acess\u00f3rios.","og_url":"https:\/\/www.ateq-tpms.com\/pt\/home\/all-products\/","og_site_name":"ATEQ-TPMS","article_modified_time":"2020-11-07T22:49:37+00:00","twitter_card":"summary","schema":{"@context":"https:\/\/schema.org","@graph":[{"@type":"WebSite","@id":"https:\/\/www.ateq-tpms.com\/en-us\/#website","url":"https:\/\/www.ateq-tpms.com\/en-us\/","name":"ATEQ-TPMS","description":"Un site utilisant WordPress","potentialAction":[{"@type":"SearchAction","target":{"@type":"EntryPoint","urlTemplate":"https:\/\/www.ateq-tpms.com\/en-us\/?s={search_term_string}"},"query-input":"required name=search_term_string"}],"inLanguage":"pt"},{"@type":"WebPage","@id":"https:\/\/www.ateq-tpms.com\/pt\/home\/all-products\/#webpage","url":"https:\/\/www.ateq-tpms.com\/pt\/home\/all-products\/","name":"ATEQ TPMS e solu\u00e7\u00f5es de p\u00f3s-venda - produtos","isPartOf":{"@id":"https:\/\/www.ateq-tpms.com\/en-us\/#website"},"datePublished":"2016-10-18T09:37:40+00:00","dateModified":"2020-11-07T22:49:37+00:00","description":"Ferramentas ATEQ TPMS e solu\u00e7\u00f5es de p\u00f3s-venda, incluindo as ferramentas VT56 TPMS, VT36 TPMS, TPMS industrial e acess\u00f3rios.","breadcrumb":{"@id":"https:\/\/www.ateq-tpms.com\/pt\/home\/all-products\/#breadcrumb"},"inLanguage":"pt","potentialAction":[{"@type":"ReadAction","target":["https:\/\/www.ateq-tpms.com\/pt\/home\/all-products\/"]}]},{"@type":"BreadcrumbList","@id":"https:\/\/www.ateq-tpms.com\/pt\/home\/all-products\/#breadcrumb","itemListElement":[{"@type":"ListItem","position":1,"name":"Home","item":"https:\/\/www.ateq-tpms.com\/en-us\/"},{"@type":"ListItem","position":2,"name":"Principal","item":"https:\/\/www.ateq-tpms.com\/pt\/home\/"},{"@type":"ListItem","position":3,"name":"All products"}]}]}},"_links":{"self":[{"href":"https:\/\/www.ateq-tpms.com\/pt\/wp-json\/wp\/v2\/pages\/28351"}],"collection":[{"href":"https:\/\/www.ateq-tpms.com\/pt\/wp-json\/wp\/v2\/pages"}],"about":[{"href":"https:\/\/www.ateq-tpms.com\/pt\/wp-json\/wp\/v2\/types\/page"}],"author":[{"embeddable":true,"href":"https:\/\/www.ateq-tpms.com\/pt\/wp-json\/wp\/v2\/users\/1"}],"replies":[{"embeddable":true,"href":"https:\/\/www.ateq-tpms.com\/pt\/wp-json\/wp\/v2\/comments?post=28351"}],"version-history":[{"count":4,"href":"https:\/\/www.ateq-tpms.com\/pt\/wp-json\/wp\/v2\/pages\/28351\/revisions"}],"predecessor-version":[{"id":63558,"href":"https:\/\/www.ateq-tpms.com\/pt\/wp-json\/wp\/v2\/pages\/28351\/revisions\/63558"}],"up":[{"embeddable":true,"href":"https:\/\/www.ateq-tpms.com\/pt\/wp-json\/wp\/v2\/pages\/27986"}],"wp:attachment":[{"href":"https:\/\/www.ateq-tpms.com\/pt\/wp-json\/wp\/v2\/media?parent=28351"}],"curies":[{"name":"wp","href":"https:\/\/api.w.org\/{rel}","templated":true}]}}